{"id":8,"date":"2014-05-26T17:04:40","date_gmt":"2014-05-26T20:04:40","guid":{"rendered":"http:\/\/neurovirtualnews.com\/es\/?page_id=8"},"modified":"2024-03-06T16:48:11","modified_gmt":"2024-03-06T21:48:11","slug":"empresa","status":"publish","type":"page","link":"https:\/\/neurovirtual.com\/latam\/empresa\/","title":{"rendered":"Empresa"},"content":{"rendered":"<p style=\"text-align: justify;\">Desde 1969 hemos trabajado de manera incansable para entregarle los mejores productos, con la mejor tecnolog\u00eda y calidad disponible para toda la comunidad mundial de Neurofisiolog\u00eda y Medicina de Sue\u00f1o. Hoy nos especializamos en ofrecer soluciones innovadoras para el diagn\u00f3stico en Neurofisiolog\u00eda y Medicina de Sue\u00f1o.<\/p>\n<p style=\"text-align: justify;\">Trabajamos a nivel mundial en la fabricaci\u00f3n, el marketing, la distribuci\u00f3n de equipos y accesorios para ofrecer la mejor opci\u00f3n en su capital de inversi\u00f3n, con un enfoque geoc\u00e9ntrico en todo lo que hacemos. Aqu\u00ed est\u00e1n algunas fechas importantes que han marcado nuestra trayectoria, donde Neurovirtual ha contribuido a la humanizaci\u00f3n del diagn\u00f3stico.<\/p>\n<p style=\"text-align: justify;\">Una mirada a nuestro pasado:<\/p>\n","protected":false},"excerpt":{"rendered":"<p>Desde 1969 hemos trabajado de manera incansable para entregarle los mejores productos, con la mejor tecnolog\u00eda y calidad disponible para toda la comunidad mundial de Neurofisiolog\u00eda y Medicina de Sue\u00f1o. Hoy nos especializamos en ofrecer soluciones innovadoras para el diagn\u00f3stico en Neurofisiolog\u00eda y Medicina de Sue\u00f1o. Trabajamos a nivel mundial en la fabricaci\u00f3n, el marketing,&#8230;<\/p>\n","protected":false},"author":7,"featured_media":816057,"parent":0,"menu_order":1,"comment_status":"open","ping_status":"open","template":"page-empresa.php","meta":{"footnotes":"","_joinchat":[]},"acf":[],"yoast_head":"<!-- This site is optimized with the Yoast SEO plugin v21.7 - https:\/\/yoast.com\/wordpress\/plugins\/seo\/ -->\n<title>Empresa - Neurovirtual \/ Humanizing diagnostics<\/title>\n<meta name=\"description\" content=\"Desde 1969 hemos trabajado de manera incansable para entregarle los mejores productos, con la mejor tecnolog\u00eda y calidad disponible para toda la comunidad mundial de Neurofisiolog\u00eda y Medicina de Sue\u00f1o\" \/>\n<meta name=\"robots\" content=\"index, follow, max-snippet:-1, max-image-preview:large, max-video-preview:-1\" \/>\n<link rel=\"canonical\" href=\"https:\/\/neurovirtual.com\/latam\/empresa\/\" \/>\n<meta property=\"og:locale\" content=\"es_ES\" \/>\n<meta property=\"og:type\" content=\"article\" \/>\n<meta property=\"og:title\" content=\"Empresa - Neurovirtual \/ Humanizing diagnostics\" \/>\n<meta property=\"og:description\" content=\"Desde 1969 hemos trabajado de manera incansable para entregarle los mejores productos, con la mejor tecnolog\u00eda y calidad disponible para toda la comunidad mundial de Neurofisiolog\u00eda y Medicina de Sue\u00f1o\" \/>\n<meta property=\"og:url\" content=\"https:\/\/neurovirtual.com\/latam\/empresa\/\" \/>\n<meta property=\"og:site_name\" content=\"Neurovirtual \/ Humanizing diagnostics\" \/>\n<meta property=\"article:modified_time\" content=\"2024-03-06T21:48:11+00:00\" \/>\n<meta property=\"og:image\" content=\"https:\/\/neurovirtual.com\/latam\/wp-content\/uploads\/2024\/03\/Neurovirtuals-headquarters.jpg\" \/>\n\t<meta property=\"og:image:width\" content=\"996\" \/>\n\t<meta property=\"og:image:height\" content=\"493\" \/>\n\t<meta property=\"og:image:type\" content=\"image\/jpeg\" \/>\n<meta name=\"twitter:card\" content=\"summary_large_image\" \/>\n<meta name=\"twitter:label1\" content=\"Tiempo estimado de lectura\" \/>\n\t<meta name=\"twitter:data1\" content=\"1 minuto\" \/>\n<script type=\"application\/ld+json\" class=\"yoast-schema-graph\">{\"@context\":\"https:\/\/schema.org\",\"@graph\":[{\"@type\":\"WebPage\",\"@id\":\"https:\/\/neurovirtual.com\/latam\/empresa\/\",\"url\":\"https:\/\/neurovirtual.com\/latam\/empresa\/\",\"name\":\"Empresa - Neurovirtual \/ Humanizing diagnostics\",\"isPartOf\":{\"@id\":\"https:\/\/neurovirtual.com\/latam\/#website\"},\"datePublished\":\"2014-05-26T20:04:40+00:00\",\"dateModified\":\"2024-03-06T21:48:11+00:00\",\"description\":\"Desde 1969 hemos trabajado de manera incansable para entregarle los mejores productos, con la mejor tecnolog\u00eda y calidad disponible para toda la comunidad mundial de Neurofisiolog\u00eda y Medicina de Sue\u00f1o\",\"breadcrumb\":{\"@id\":\"https:\/\/neurovirtual.com\/latam\/empresa\/#breadcrumb\"},\"inLanguage\":\"es-CO\",\"potentialAction\":[{\"@type\":\"ReadAction\",\"target\":[\"https:\/\/neurovirtual.com\/latam\/empresa\/\"]}]},{\"@type\":\"BreadcrumbList\",\"@id\":\"https:\/\/neurovirtual.com\/latam\/empresa\/#breadcrumb\",\"itemListElement\":[{\"@type\":\"ListItem\",\"position\":1,\"name\":\"Portada\",\"item\":\"https:\/\/neurovirtual.com\/latam\/\"},{\"@type\":\"ListItem\",\"position\":2,\"name\":\"Empresa\"}]},{\"@type\":\"WebSite\",\"@id\":\"https:\/\/neurovirtual.com\/latam\/#website\",\"url\":\"https:\/\/neurovirtual.com\/latam\/\",\"name\":\"Neurovirtual \/ Humanizing diagnostics\",\"description\":\"\",\"publisher\":{\"@id\":\"https:\/\/neurovirtual.com\/latam\/#organization\"},\"potentialAction\":[{\"@type\":\"SearchAction\",\"target\":{\"@type\":\"EntryPoint\",\"urlTemplate\":\"https:\/\/neurovirtual.com\/latam\/?s={search_term_string}\"},\"query-input\":\"required name=search_term_string\"}],\"inLanguage\":\"es-CO\"},{\"@type\":\"Organization\",\"@id\":\"https:\/\/neurovirtual.com\/latam\/#organization\",\"name\":\"Neurovirtual\",\"url\":\"https:\/\/neurovirtual.com\/latam\/\",\"logo\":{\"@type\":\"ImageObject\",\"inLanguage\":\"es-CO\",\"@id\":\"https:\/\/neurovirtual.com\/latam\/#\/schema\/logo\/image\/\",\"url\":\"https:\/\/neurovirtual.com\/latam\/wp-content\/uploads\/2023\/08\/1.-Logo-Neurovirtual-2022.png\",\"contentUrl\":\"https:\/\/neurovirtual.com\/latam\/wp-content\/uploads\/2023\/08\/1.-Logo-Neurovirtual-2022.png\",\"width\":1964,\"height\":668,\"caption\":\"Neurovirtual\"},\"image\":{\"@id\":\"https:\/\/neurovirtual.com\/latam\/#\/schema\/logo\/image\/\"}}]}<\/script>\n<!-- \/ Yoast SEO plugin. -->","yoast_head_json":{"title":"Empresa - Neurovirtual \/ Humanizing diagnostics","description":"Desde 1969 hemos trabajado de manera incansable para entregarle los mejores productos, con la mejor tecnolog\u00eda y calidad disponible para toda la comunidad mundial de Neurofisiolog\u00eda y Medicina de Sue\u00f1o","robots":{"index":"index","follow":"follow","max-snippet":"max-snippet:-1","max-image-preview":"max-image-preview:large","max-video-preview":"max-video-preview:-1"},"canonical":"https:\/\/neurovirtual.com\/latam\/empresa\/","og_locale":"es_ES","og_type":"article","og_title":"Empresa - Neurovirtual \/ Humanizing diagnostics","og_description":"Desde 1969 hemos trabajado de manera incansable para entregarle los mejores productos, con la mejor tecnolog\u00eda y calidad disponible para toda la comunidad mundial de Neurofisiolog\u00eda y Medicina de Sue\u00f1o","og_url":"https:\/\/neurovirtual.com\/latam\/empresa\/","og_site_name":"Neurovirtual \/ Humanizing diagnostics","article_modified_time":"2024-03-06T21:48:11+00:00","og_image":[{"width":996,"height":493,"url":"https:\/\/neurovirtual.com\/latam\/wp-content\/uploads\/2024\/03\/Neurovirtuals-headquarters.jpg","type":"image\/jpeg"}],"twitter_card":"summary_large_image","twitter_misc":{"Tiempo estimado de lectura":"1 minuto"},"schema":{"@context":"https:\/\/schema.org","@graph":[{"@type":"WebPage","@id":"https:\/\/neurovirtual.com\/latam\/empresa\/","url":"https:\/\/neurovirtual.com\/latam\/empresa\/","name":"Empresa - Neurovirtual \/ Humanizing diagnostics","isPartOf":{"@id":"https:\/\/neurovirtual.com\/latam\/#website"},"datePublished":"2014-05-26T20:04:40+00:00","dateModified":"2024-03-06T21:48:11+00:00","description":"Desde 1969 hemos trabajado de manera incansable para entregarle los mejores productos, con la mejor tecnolog\u00eda y calidad disponible para toda la comunidad mundial de Neurofisiolog\u00eda y Medicina de Sue\u00f1o","breadcrumb":{"@id":"https:\/\/neurovirtual.com\/latam\/empresa\/#breadcrumb"},"inLanguage":"es-CO","potentialAction":[{"@type":"ReadAction","target":["https:\/\/neurovirtual.com\/latam\/empresa\/"]}]},{"@type":"BreadcrumbList","@id":"https:\/\/neurovirtual.com\/latam\/empresa\/#breadcrumb","itemListElement":[{"@type":"ListItem","position":1,"name":"Portada","item":"https:\/\/neurovirtual.com\/latam\/"},{"@type":"ListItem","position":2,"name":"Empresa"}]},{"@type":"WebSite","@id":"https:\/\/neurovirtual.com\/latam\/#website","url":"https:\/\/neurovirtual.com\/latam\/","name":"Neurovirtual \/ Humanizing diagnostics","description":"","publisher":{"@id":"https:\/\/neurovirtual.com\/latam\/#organization"},"potentialAction":[{"@type":"SearchAction","target":{"@type":"EntryPoint","urlTemplate":"https:\/\/neurovirtual.com\/latam\/?s={search_term_string}"},"query-input":"required name=search_term_string"}],"inLanguage":"es-CO"},{"@type":"Organization","@id":"https:\/\/neurovirtual.com\/latam\/#organization","name":"Neurovirtual","url":"https:\/\/neurovirtual.com\/latam\/","logo":{"@type":"ImageObject","inLanguage":"es-CO","@id":"https:\/\/neurovirtual.com\/latam\/#\/schema\/logo\/image\/","url":"https:\/\/neurovirtual.com\/latam\/wp-content\/uploads\/2023\/08\/1.-Logo-Neurovirtual-2022.png","contentUrl":"https:\/\/neurovirtual.com\/latam\/wp-content\/uploads\/2023\/08\/1.-Logo-Neurovirtual-2022.png","width":1964,"height":668,"caption":"Neurovirtual"},"image":{"@id":"https:\/\/neurovirtual.com\/latam\/#\/schema\/logo\/image\/"}}]}},"_links":{"self":[{"href":"https:\/\/neurovirtual.com\/latam\/wp-json\/wp\/v2\/pages\/8"}],"collection":[{"href":"https:\/\/neurovirtual.com\/latam\/wp-json\/wp\/v2\/pages"}],"about":[{"href":"https:\/\/neurovirtual.com\/latam\/wp-json\/wp\/v2\/types\/page"}],"author":[{"embeddable":true,"href":"https:\/\/neurovirtual.com\/latam\/wp-json\/wp\/v2\/users\/7"}],"replies":[{"embeddable":true,"href":"https:\/\/neurovirtual.com\/latam\/wp-json\/wp\/v2\/comments?post=8"}],"version-history":[{"count":75,"href":"https:\/\/neurovirtual.com\/latam\/wp-json\/wp\/v2\/pages\/8\/revisions"}],"predecessor-version":[{"id":816061,"href":"https:\/\/neurovirtual.com\/latam\/wp-json\/wp\/v2\/pages\/8\/revisions\/816061"}],"wp:featuredmedia":[{"embeddable":true,"href":"https:\/\/neurovirtual.com\/latam\/wp-json\/wp\/v2\/media\/816057"}],"wp:attachment":[{"href":"https:\/\/neurovirtual.com\/latam\/wp-json\/wp\/v2\/media?parent=8"}],"curies":[{"name":"wp","href":"https:\/\/api.w.org\/{rel}","templated":true}]}}