{"id":2,"date":"2014-05-26T13:53:21","date_gmt":"2014-05-26T13:53:21","guid":{"rendered":"http:\/\/neurovirtualnews.com\/es\/?page_id=2"},"modified":"2025-01-09T10:38:36","modified_gmt":"2025-01-09T15:38:36","slug":"pagina-exemplo","status":"publish","type":"page","link":"https:\/\/neurovirtual.com\/latam\/","title":{"rendered":"Home"},"content":{"rendered":"<p style=\"text-align: center;\">En la actualidad en el mercado del diagn\u00f3stico de Sue\u00f1o y Neurolog\u00eda somos la empresa de mayor crecimiento a nivel mundial.<\/p>\n<p>&nbsp;<\/p>\n<p style=\"text-align: center;\"><a class=\"button-default\" title=\"Empresa\" href=\"https:\/\/neurovirtual.com\/latam\/empresa\/\">Conozca Nuestra Historia<\/a><\/p>\n","protected":false},"excerpt":{"rendered":"<p>En la actualidad en el mercado del diagn\u00f3stico de Sue\u00f1o y Neurolog\u00eda somos la empresa de mayor crecimiento a nivel mundial. &nbsp; Conozca Nuestra Historia<\/p>\n","protected":false},"author":7,"featured_media":816171,"parent":0,"menu_order":0,"comment_status":"open","ping_status":"open","template":"","meta":{"footnotes":"","_joinchat":[]},"acf":[],"yoast_head":"<!-- This site is optimized with the Yoast SEO plugin v21.7 - https:\/\/yoast.com\/wordpress\/plugins\/seo\/ -->\n<title>Home - Neurovirtual \/ Humanizing diagnostics<\/title>\n<meta name=\"description\" content=\"%seo_description% En la actualidad en el mercado del diagn\u00f3stico de Sue\u00f1o y Neurolog\u00eda somos la empresa de mayor crecimiento a nivel mundial\" \/>\n<meta name=\"robots\" content=\"index, follow, max-snippet:-1, max-image-preview:large, max-video-preview:-1\" \/>\n<link rel=\"canonical\" href=\"https:\/\/neurovirtual.com\/latam\/\" \/>\n<meta property=\"og:locale\" content=\"es_ES\" \/>\n<meta property=\"og:type\" content=\"article\" \/>\n<meta property=\"og:title\" content=\"Home - Neurovirtual \/ Humanizing diagnostics\" \/>\n<meta property=\"og:description\" content=\"%seo_description% En la actualidad en el mercado del diagn\u00f3stico de Sue\u00f1o y Neurolog\u00eda somos la empresa de mayor crecimiento a nivel mundial\" \/>\n<meta property=\"og:url\" content=\"https:\/\/neurovirtual.com\/latam\/\" \/>\n<meta property=\"og:site_name\" content=\"Neurovirtual \/ Humanizing diagnostics\" \/>\n<meta property=\"article:modified_time\" content=\"2025-01-09T15:38:36+00:00\" \/>\n<meta property=\"og:image\" content=\"https:\/\/neurovirtual.com\/latam\/wp-content\/uploads\/2025\/01\/20171114_100552.jpg\" \/>\n\t<meta property=\"og:image:width\" content=\"1920\" \/>\n\t<meta property=\"og:image:height\" content=\"926\" \/>\n\t<meta property=\"og:image:type\" content=\"image\/jpeg\" \/>\n<meta name=\"twitter:card\" content=\"summary_large_image\" \/>\n<meta name=\"twitter:label1\" content=\"Tiempo estimado de lectura\" \/>\n\t<meta name=\"twitter:data1\" content=\"1 minuto\" \/>\n<script type=\"application\/ld+json\" class=\"yoast-schema-graph\">{\"@context\":\"https:\/\/schema.org\",\"@graph\":[{\"@type\":\"WebPage\",\"@id\":\"https:\/\/neurovirtual.com\/latam\/\",\"url\":\"https:\/\/neurovirtual.com\/latam\/\",\"name\":\"Home - Neurovirtual \/ Humanizing diagnostics\",\"isPartOf\":{\"@id\":\"https:\/\/neurovirtual.com\/latam\/#website\"},\"datePublished\":\"2014-05-26T13:53:21+00:00\",\"dateModified\":\"2025-01-09T15:38:36+00:00\",\"description\":\"%seo_description% En la actualidad en el mercado del diagn\u00f3stico de Sue\u00f1o y Neurolog\u00eda somos la empresa de mayor crecimiento a nivel mundial\",\"breadcrumb\":{\"@id\":\"https:\/\/neurovirtual.com\/latam\/#breadcrumb\"},\"inLanguage\":\"es-CO\",\"potentialAction\":[{\"@type\":\"ReadAction\",\"target\":[\"https:\/\/neurovirtual.com\/latam\/\"]}]},{\"@type\":\"BreadcrumbList\",\"@id\":\"https:\/\/neurovirtual.com\/latam\/#breadcrumb\",\"itemListElement\":[{\"@type\":\"ListItem\",\"position\":1,\"name\":\"Portada\",\"item\":\"https:\/\/neurovirtual.com\/latam\/\"},{\"@type\":\"ListItem\",\"position\":2,\"name\":\"Home\"}]},{\"@type\":\"WebSite\",\"@id\":\"https:\/\/neurovirtual.com\/latam\/#website\",\"url\":\"https:\/\/neurovirtual.com\/latam\/\",\"name\":\"Neurovirtual \/ Humanizing diagnostics\",\"description\":\"\",\"publisher\":{\"@id\":\"https:\/\/neurovirtual.com\/latam\/#organization\"},\"potentialAction\":[{\"@type\":\"SearchAction\",\"target\":{\"@type\":\"EntryPoint\",\"urlTemplate\":\"https:\/\/neurovirtual.com\/latam\/?s={search_term_string}\"},\"query-input\":\"required name=search_term_string\"}],\"inLanguage\":\"es-CO\"},{\"@type\":\"Organization\",\"@id\":\"https:\/\/neurovirtual.com\/latam\/#organization\",\"name\":\"Neurovirtual\",\"url\":\"https:\/\/neurovirtual.com\/latam\/\",\"logo\":{\"@type\":\"ImageObject\",\"inLanguage\":\"es-CO\",\"@id\":\"https:\/\/neurovirtual.com\/latam\/#\/schema\/logo\/image\/\",\"url\":\"https:\/\/neurovirtual.com\/latam\/wp-content\/uploads\/2023\/08\/1.-Logo-Neurovirtual-2022.png\",\"contentUrl\":\"https:\/\/neurovirtual.com\/latam\/wp-content\/uploads\/2023\/08\/1.-Logo-Neurovirtual-2022.png\",\"width\":1964,\"height\":668,\"caption\":\"Neurovirtual\"},\"image\":{\"@id\":\"https:\/\/neurovirtual.com\/latam\/#\/schema\/logo\/image\/\"}}]}<\/script>\n<!-- \/ Yoast SEO plugin. -->","yoast_head_json":{"title":"Home - Neurovirtual \/ Humanizing diagnostics","description":"%seo_description% En la actualidad en el mercado del diagn\u00f3stico de Sue\u00f1o y Neurolog\u00eda somos la empresa de mayor crecimiento a nivel mundial","robots":{"index":"index","follow":"follow","max-snippet":"max-snippet:-1","max-image-preview":"max-image-preview:large","max-video-preview":"max-video-preview:-1"},"canonical":"https:\/\/neurovirtual.com\/latam\/","og_locale":"es_ES","og_type":"article","og_title":"Home - Neurovirtual \/ Humanizing diagnostics","og_description":"%seo_description% En la actualidad en el mercado del diagn\u00f3stico de Sue\u00f1o y Neurolog\u00eda somos la empresa de mayor crecimiento a nivel mundial","og_url":"https:\/\/neurovirtual.com\/latam\/","og_site_name":"Neurovirtual \/ Humanizing diagnostics","article_modified_time":"2025-01-09T15:38:36+00:00","og_image":[{"width":1920,"height":926,"url":"https:\/\/neurovirtual.com\/latam\/wp-content\/uploads\/2025\/01\/20171114_100552.jpg","type":"image\/jpeg"}],"twitter_card":"summary_large_image","twitter_misc":{"Tiempo estimado de lectura":"1 minuto"},"schema":{"@context":"https:\/\/schema.org","@graph":[{"@type":"WebPage","@id":"https:\/\/neurovirtual.com\/latam\/","url":"https:\/\/neurovirtual.com\/latam\/","name":"Home - Neurovirtual \/ Humanizing diagnostics","isPartOf":{"@id":"https:\/\/neurovirtual.com\/latam\/#website"},"datePublished":"2014-05-26T13:53:21+00:00","dateModified":"2025-01-09T15:38:36+00:00","description":"%seo_description% En la actualidad en el mercado del diagn\u00f3stico de Sue\u00f1o y Neurolog\u00eda somos la empresa de mayor crecimiento a nivel mundial","breadcrumb":{"@id":"https:\/\/neurovirtual.com\/latam\/#breadcrumb"},"inLanguage":"es-CO","potentialAction":[{"@type":"ReadAction","target":["https:\/\/neurovirtual.com\/latam\/"]}]},{"@type":"BreadcrumbList","@id":"https:\/\/neurovirtual.com\/latam\/#breadcrumb","itemListElement":[{"@type":"ListItem","position":1,"name":"Portada","item":"https:\/\/neurovirtual.com\/latam\/"},{"@type":"ListItem","position":2,"name":"Home"}]},{"@type":"WebSite","@id":"https:\/\/neurovirtual.com\/latam\/#website","url":"https:\/\/neurovirtual.com\/latam\/","name":"Neurovirtual \/ Humanizing diagnostics","description":"","publisher":{"@id":"https:\/\/neurovirtual.com\/latam\/#organization"},"potentialAction":[{"@type":"SearchAction","target":{"@type":"EntryPoint","urlTemplate":"https:\/\/neurovirtual.com\/latam\/?s={search_term_string}"},"query-input":"required name=search_term_string"}],"inLanguage":"es-CO"},{"@type":"Organization","@id":"https:\/\/neurovirtual.com\/latam\/#organization","name":"Neurovirtual","url":"https:\/\/neurovirtual.com\/latam\/","logo":{"@type":"ImageObject","inLanguage":"es-CO","@id":"https:\/\/neurovirtual.com\/latam\/#\/schema\/logo\/image\/","url":"https:\/\/neurovirtual.com\/latam\/wp-content\/uploads\/2023\/08\/1.-Logo-Neurovirtual-2022.png","contentUrl":"https:\/\/neurovirtual.com\/latam\/wp-content\/uploads\/2023\/08\/1.-Logo-Neurovirtual-2022.png","width":1964,"height":668,"caption":"Neurovirtual"},"image":{"@id":"https:\/\/neurovirtual.com\/latam\/#\/schema\/logo\/image\/"}}]}},"_links":{"self":[{"href":"https:\/\/neurovirtual.com\/latam\/wp-json\/wp\/v2\/pages\/2"}],"collection":[{"href":"https:\/\/neurovirtual.com\/latam\/wp-json\/wp\/v2\/pages"}],"about":[{"href":"https:\/\/neurovirtual.com\/latam\/wp-json\/wp\/v2\/types\/page"}],"author":[{"embeddable":true,"href":"https:\/\/neurovirtual.com\/latam\/wp-json\/wp\/v2\/users\/7"}],"replies":[{"embeddable":true,"href":"https:\/\/neurovirtual.com\/latam\/wp-json\/wp\/v2\/comments?post=2"}],"version-history":[{"count":23,"href":"https:\/\/neurovirtual.com\/latam\/wp-json\/wp\/v2\/pages\/2\/revisions"}],"predecessor-version":[{"id":808384,"href":"https:\/\/neurovirtual.com\/latam\/wp-json\/wp\/v2\/pages\/2\/revisions\/808384"}],"wp:featuredmedia":[{"embeddable":true,"href":"https:\/\/neurovirtual.com\/latam\/wp-json\/wp\/v2\/media\/816171"}],"wp:attachment":[{"href":"https:\/\/neurovirtual.com\/latam\/wp-json\/wp\/v2\/media?parent=2"}],"curies":[{"name":"wp","href":"https:\/\/api.w.org\/{rel}","templated":true}]}}