{"id":12,"date":"2014-05-26T17:05:00","date_gmt":"2014-05-26T20:05:00","guid":{"rendered":"http:\/\/neurovirtualnews.com\/es\/?page_id=12"},"modified":"2022-02-02T17:51:14","modified_gmt":"2022-02-02T20:51:14","slug":"soporte-tecnico","status":"publish","type":"page","link":"https:\/\/neurovirtual.com\/latam\/soporte-tecnico\/","title":{"rendered":"Soporte T\u00e9cnico"},"content":{"rendered":"\n<div class=\"wp-block-group is-layout-flow wp-block-group-is-layout-flow\"><div class=\"wp-block-group__inner-container\">\n<h4 class=\"wp-block-heading\">&nbsp;<strong>Atenci\u00f3n Clientes Neurovirtual<\/strong><\/h4>\n\n\n\n<h5 class=\"wp-block-heading\">Sabemos lo importante que es para nuestros clientes que estemos disponibles las 24 horas del d\u00eda, por esto ofrecemos un servicio exclusivo de Atenci\u00f3n al Cliente, con ingenieros especializados en nuestros productos siempre a su disposici\u00f3n.<\/h5>\n\n\n\n<h4 class=\"wp-block-heading\">Whatsapp: +1 7865673144<\/h4>\n\n\n\n<h4 class=\"wp-block-heading\">E-mail: support@neurovirtual.com<\/h4>\n\n\n\n<h5 class=\"wp-block-heading\">P\u00f3ngase en contacto con el soporte t\u00e9cnico local:<\/h5>\n\n\n\n<figure class=\"wp-block-table alignleft\"><table><tbody><tr><td class=\"has-text-align-center\" data-align=\"center\">Argentina<\/td><td class=\"has-text-align-center\" data-align=\"center\">0800-333-0410<\/td><\/tr><tr><td class=\"has-text-align-center\" data-align=\"center\">Brasil<\/td><td class=\"has-text-align-center\" data-align=\"center\">+55 (11) 4040-4511<\/td><\/tr><tr><td class=\"has-text-align-center\" data-align=\"center\">Chile<\/td><td class=\"has-text-align-center\" data-align=\"center\">+56 44890-5225<\/td><\/tr><tr><td class=\"has-text-align-center\" data-align=\"center\">China<\/td><td class=\"has-text-align-center\" data-align=\"center\">400-120-9240<\/td><\/tr><tr><td class=\"has-text-align-center\" data-align=\"center\">Colombia<\/td><td class=\"has-text-align-center\" data-align=\"center\">+57 (1) 6009801<\/td><\/tr><tr><td class=\"has-text-align-center\" data-align=\"center\">Ecuador<\/td><td class=\"has-text-align-center\" data-align=\"center\">1-800-000-612<\/td><\/tr><tr><td class=\"has-text-align-center\" data-align=\"center\">M\u00e9xico<\/td><td class=\"has-text-align-center\" data-align=\"center\">+52 (55) 85259474<\/td><\/tr><tr><td class=\"has-text-align-center\" data-align=\"center\">Per\u00fa<\/td><td class=\"has-text-align-center\" data-align=\"center\">+51-17070509<\/td><\/tr><tr><td class=\"has-text-align-center\" data-align=\"center\">Portugal<\/td><td class=\"has-text-align-center\" data-align=\"center\">800-180-406<\/td><\/tr><tr><td class=\"has-text-align-center\" data-align=\"center\">Rep\u00fablica Dominicana<\/td><td class=\"has-text-align-center\" data-align=\"center\">+1&nbsp; 829-946-8334<\/td><\/tr><tr><td class=\"has-text-align-center\" data-align=\"center\">Espa\u00f1a<\/td><td class=\"has-text-align-center\" data-align=\"center\">900-839-202<\/td><\/tr><tr><td class=\"has-text-align-center\" data-align=\"center\">Taiw\u00e1n<\/td><td class=\"has-text-align-center\" data-align=\"center\">00801-14-7230<\/td><\/tr><tr><td class=\"has-text-align-center\" data-align=\"center\">Tailandia<\/td><td class=\"has-text-align-center\" data-align=\"center\">+66-60-0035344<\/td><\/tr><tr><td class=\"has-text-align-center\" data-align=\"center\">USA\/Canad\u00e1<\/td><td class=\"has-text-align-center\" data-align=\"center\">+1 (786) 693-8200<\/td><\/tr><tr><td class=\"has-text-align-center\" data-align=\"center\">Otros pa\u00edses<\/td><td class=\"has-text-align-center\" data-align=\"center\">+1 (786) 693-8200<\/td><\/tr><\/tbody><\/table><\/figure>\n<\/div><\/div>\n","protected":false},"excerpt":{"rendered":"<p>&nbsp;Atenci\u00f3n Clientes Neurovirtual Sabemos lo importante que es para nuestros clientes que estemos disponibles las 24 horas del d\u00eda, por esto ofrecemos un servicio exclusivo de Atenci\u00f3n al Cliente, con ingenieros especializados en nuestros productos siempre a su disposici\u00f3n. Whatsapp: +1 7865673144 E-mail: support@neurovirtual.com P\u00f3ngase en contacto con el soporte t\u00e9cnico local: Argentina 0800-333-0410 Brasil&#8230;<\/p>\n","protected":false},"author":7,"featured_media":0,"parent":0,"menu_order":3,"comment_status":"open","ping_status":"closed","template":"page-suporte-tecnico.php","meta":{"footnotes":"","_joinchat":{"telephone":"+17865673144","message_text":"Hola \u00bfC\u00f3mo podemos ayudarte?","message_send":"Hola \u00bfC\u00f3mo podemos ayudarte?","view":"yes"}},"acf":[],"yoast_head":"<!-- This site is optimized with the Yoast SEO plugin v21.7 - https:\/\/yoast.com\/wordpress\/plugins\/seo\/ -->\n<title>Soporte T\u00e9cnico - Neurovirtual \/ Humanizing diagnostics<\/title>\n<meta name=\"description\" content=\"%seo_description%\" \/>\n<meta name=\"robots\" content=\"index, follow, max-snippet:-1, max-image-preview:large, max-video-preview:-1\" \/>\n<link rel=\"canonical\" href=\"https:\/\/neurovirtual.com\/latam\/soporte-tecnico\/\" \/>\n<meta property=\"og:locale\" content=\"es_ES\" \/>\n<meta property=\"og:type\" content=\"article\" \/>\n<meta property=\"og:title\" content=\"Soporte T\u00e9cnico - Neurovirtual \/ Humanizing diagnostics\" \/>\n<meta property=\"og:description\" content=\"%seo_description%\" \/>\n<meta property=\"og:url\" content=\"https:\/\/neurovirtual.com\/latam\/soporte-tecnico\/\" \/>\n<meta property=\"og:site_name\" content=\"Neurovirtual \/ Humanizing diagnostics\" \/>\n<meta property=\"article:modified_time\" content=\"2022-02-02T20:51:14+00:00\" \/>\n<meta name=\"twitter:card\" content=\"summary_large_image\" \/>\n<meta name=\"twitter:label1\" content=\"Tiempo estimado de lectura\" \/>\n\t<meta name=\"twitter:data1\" content=\"1 minuto\" \/>\n<script type=\"application\/ld+json\" class=\"yoast-schema-graph\">{\"@context\":\"https:\/\/schema.org\",\"@graph\":[{\"@type\":\"WebPage\",\"@id\":\"https:\/\/neurovirtual.com\/latam\/soporte-tecnico\/\",\"url\":\"https:\/\/neurovirtual.com\/latam\/soporte-tecnico\/\",\"name\":\"Soporte T\u00e9cnico - Neurovirtual \/ Humanizing diagnostics\",\"isPartOf\":{\"@id\":\"https:\/\/neurovirtual.com\/latam\/#website\"},\"datePublished\":\"2014-05-26T20:05:00+00:00\",\"dateModified\":\"2022-02-02T20:51:14+00:00\",\"description\":\"%seo_description%\",\"breadcrumb\":{\"@id\":\"https:\/\/neurovirtual.com\/latam\/soporte-tecnico\/#breadcrumb\"},\"inLanguage\":\"es-CO\",\"potentialAction\":[{\"@type\":\"ReadAction\",\"target\":[\"https:\/\/neurovirtual.com\/latam\/soporte-tecnico\/\"]}]},{\"@type\":\"BreadcrumbList\",\"@id\":\"https:\/\/neurovirtual.com\/latam\/soporte-tecnico\/#breadcrumb\",\"itemListElement\":[{\"@type\":\"ListItem\",\"position\":1,\"name\":\"Portada\",\"item\":\"https:\/\/neurovirtual.com\/latam\/\"},{\"@type\":\"ListItem\",\"position\":2,\"name\":\"Soporte T\u00e9cnico\"}]},{\"@type\":\"WebSite\",\"@id\":\"https:\/\/neurovirtual.com\/latam\/#website\",\"url\":\"https:\/\/neurovirtual.com\/latam\/\",\"name\":\"Neurovirtual \/ Humanizing diagnostics\",\"description\":\"\",\"publisher\":{\"@id\":\"https:\/\/neurovirtual.com\/latam\/#organization\"},\"potentialAction\":[{\"@type\":\"SearchAction\",\"target\":{\"@type\":\"EntryPoint\",\"urlTemplate\":\"https:\/\/neurovirtual.com\/latam\/?s={search_term_string}\"},\"query-input\":\"required name=search_term_string\"}],\"inLanguage\":\"es-CO\"},{\"@type\":\"Organization\",\"@id\":\"https:\/\/neurovirtual.com\/latam\/#organization\",\"name\":\"Neurovirtual\",\"url\":\"https:\/\/neurovirtual.com\/latam\/\",\"logo\":{\"@type\":\"ImageObject\",\"inLanguage\":\"es-CO\",\"@id\":\"https:\/\/neurovirtual.com\/latam\/#\/schema\/logo\/image\/\",\"url\":\"https:\/\/neurovirtual.com\/latam\/wp-content\/uploads\/2023\/08\/1.-Logo-Neurovirtual-2022.png\",\"contentUrl\":\"https:\/\/neurovirtual.com\/latam\/wp-content\/uploads\/2023\/08\/1.-Logo-Neurovirtual-2022.png\",\"width\":1964,\"height\":668,\"caption\":\"Neurovirtual\"},\"image\":{\"@id\":\"https:\/\/neurovirtual.com\/latam\/#\/schema\/logo\/image\/\"}}]}<\/script>\n<!-- \/ Yoast SEO plugin. -->","yoast_head_json":{"title":"Soporte T\u00e9cnico - Neurovirtual \/ Humanizing diagnostics","description":"%seo_description%","robots":{"index":"index","follow":"follow","max-snippet":"max-snippet:-1","max-image-preview":"max-image-preview:large","max-video-preview":"max-video-preview:-1"},"canonical":"https:\/\/neurovirtual.com\/latam\/soporte-tecnico\/","og_locale":"es_ES","og_type":"article","og_title":"Soporte T\u00e9cnico - Neurovirtual \/ Humanizing diagnostics","og_description":"%seo_description%","og_url":"https:\/\/neurovirtual.com\/latam\/soporte-tecnico\/","og_site_name":"Neurovirtual \/ Humanizing diagnostics","article_modified_time":"2022-02-02T20:51:14+00:00","twitter_card":"summary_large_image","twitter_misc":{"Tiempo estimado de lectura":"1 minuto"},"schema":{"@context":"https:\/\/schema.org","@graph":[{"@type":"WebPage","@id":"https:\/\/neurovirtual.com\/latam\/soporte-tecnico\/","url":"https:\/\/neurovirtual.com\/latam\/soporte-tecnico\/","name":"Soporte T\u00e9cnico - Neurovirtual \/ Humanizing diagnostics","isPartOf":{"@id":"https:\/\/neurovirtual.com\/latam\/#website"},"datePublished":"2014-05-26T20:05:00+00:00","dateModified":"2022-02-02T20:51:14+00:00","description":"%seo_description%","breadcrumb":{"@id":"https:\/\/neurovirtual.com\/latam\/soporte-tecnico\/#breadcrumb"},"inLanguage":"es-CO","potentialAction":[{"@type":"ReadAction","target":["https:\/\/neurovirtual.com\/latam\/soporte-tecnico\/"]}]},{"@type":"BreadcrumbList","@id":"https:\/\/neurovirtual.com\/latam\/soporte-tecnico\/#breadcrumb","itemListElement":[{"@type":"ListItem","position":1,"name":"Portada","item":"https:\/\/neurovirtual.com\/latam\/"},{"@type":"ListItem","position":2,"name":"Soporte T\u00e9cnico"}]},{"@type":"WebSite","@id":"https:\/\/neurovirtual.com\/latam\/#website","url":"https:\/\/neurovirtual.com\/latam\/","name":"Neurovirtual \/ Humanizing diagnostics","description":"","publisher":{"@id":"https:\/\/neurovirtual.com\/latam\/#organization"},"potentialAction":[{"@type":"SearchAction","target":{"@type":"EntryPoint","urlTemplate":"https:\/\/neurovirtual.com\/latam\/?s={search_term_string}"},"query-input":"required name=search_term_string"}],"inLanguage":"es-CO"},{"@type":"Organization","@id":"https:\/\/neurovirtual.com\/latam\/#organization","name":"Neurovirtual","url":"https:\/\/neurovirtual.com\/latam\/","logo":{"@type":"ImageObject","inLanguage":"es-CO","@id":"https:\/\/neurovirtual.com\/latam\/#\/schema\/logo\/image\/","url":"https:\/\/neurovirtual.com\/latam\/wp-content\/uploads\/2023\/08\/1.-Logo-Neurovirtual-2022.png","contentUrl":"https:\/\/neurovirtual.com\/latam\/wp-content\/uploads\/2023\/08\/1.-Logo-Neurovirtual-2022.png","width":1964,"height":668,"caption":"Neurovirtual"},"image":{"@id":"https:\/\/neurovirtual.com\/latam\/#\/schema\/logo\/image\/"}}]}},"_links":{"self":[{"href":"https:\/\/neurovirtual.com\/latam\/wp-json\/wp\/v2\/pages\/12"}],"collection":[{"href":"https:\/\/neurovirtual.com\/latam\/wp-json\/wp\/v2\/pages"}],"about":[{"href":"https:\/\/neurovirtual.com\/latam\/wp-json\/wp\/v2\/types\/page"}],"author":[{"embeddable":true,"href":"https:\/\/neurovirtual.com\/latam\/wp-json\/wp\/v2\/users\/7"}],"replies":[{"embeddable":true,"href":"https:\/\/neurovirtual.com\/latam\/wp-json\/wp\/v2\/comments?post=12"}],"version-history":[{"count":94,"href":"https:\/\/neurovirtual.com\/latam\/wp-json\/wp\/v2\/pages\/12\/revisions"}],"predecessor-version":[{"id":807275,"href":"https:\/\/neurovirtual.com\/latam\/wp-json\/wp\/v2\/pages\/12\/revisions\/807275"}],"wp:attachment":[{"href":"https:\/\/neurovirtual.com\/latam\/wp-json\/wp\/v2\/media?parent=12"}],"curies":[{"name":"wp","href":"https:\/\/api.w.org\/{rel}","templated":true}]}}