{"id":814845,"date":"2022-04-29T17:34:55","date_gmt":"2022-04-29T20:34:55","guid":{"rendered":"https:\/\/neurovirtual.com\/br\/?page_id=814845"},"modified":"2024-03-06T18:57:42","modified_gmt":"2024-03-06T21:57:42","slug":"publications","status":"publish","type":"page","link":"https:\/\/neurovirtual.com\/br\/publications\/","title":{"rendered":"Publications"},"content":{"rendered":"\r\n<div class=\"wp-block-cover alignfull has-background-dim\"><img decoding=\"async\" width=\"1024\" height=\"396\" class=\"wp-block-cover__image-background wp-image-814846\" style=\"object-position: 53% 90%;\" src=\"https:\/\/neurovirtual.com\/br\/wp-content\/uploads\/2022\/04\/Publications-Neurovirtual-1024x396.jpg\" alt=\"\" data-object-fit=\"cover\" data-object-position=\"53% 90%\" srcset=\"https:\/\/neurovirtual.com\/br\/wp-content\/uploads\/2022\/04\/Publications-Neurovirtual-1024x396.jpg 1024w, https:\/\/neurovirtual.com\/br\/wp-content\/uploads\/2022\/04\/Publications-Neurovirtual-300x116.jpg 300w, https:\/\/neurovirtual.com\/br\/wp-content\/uploads\/2022\/04\/Publications-Neurovirtual-768x297.jpg 768w, https:\/\/neurovirtual.com\/br\/wp-content\/uploads\/2022\/04\/Publications-Neurovirtual-647x250.jpg 647w, https:\/\/neurovirtual.com\/br\/wp-content\/uploads\/2022\/04\/Publications-Neurovirtual-460x178.jpg 460w, https:\/\/neurovirtual.com\/br\/wp-content\/uploads\/2022\/04\/Publications-Neurovirtual.jpg 1500w\" sizes=\"(max-width: 1024px) 100vw, 1024px\" \/>\r\n<div class=\"wp-block-cover__inner-container is-layout-flow wp-block-cover-is-layout-flow\">\r\n<p class=\"has-text-align-center has-huge-font-size\">Selected research publications using<br \/><strong>Neurovirtual technology<\/strong><\/p>\r\n\r\n\r\n\r\n<p class=\"has-text-align-center has-cyan-bluish-gray-color has-text-color has-huge-font-size\">Sleep Medicine and Neurology<\/p>\r\n<\/div>\r\n<\/div>\r\n\r\n\r\n\r\n<p>&nbsp;<\/p>\r\n\r\n\r\n\r\n<h2 class=\"wp-block-heading\">SLEEP MEDICINE<\/h2>\r\n\r\n\r\n\r\n<ul>\r\n<li><a href=\"https:\/\/neurovirtual.com\/equipment\/bwiii-psg-plus\/\" target=\"_blank\" rel=\"noreferrer noopener\"><strong>BWIII P<\/strong><\/a><strong><a href=\"https:\/\/neurovirtual.com\/equipment\/bwiii-psg-plus\/\" target=\"_blank\" rel=\"noreferrer noopener\">SG Plus<\/a><\/strong> &#8211;<a href=\"https:\/\/www.sciencedirect.com\/science\/article\/abs\/pii\/S1389945718304477\" target=\"_blank\" rel=\"noreferrer noopener\">Neutral supporting mandibular advancement device with tongue bead for passive myofunctional therapy: a long term follow-up study<\/a> &#8211;<em> Yu-Shu Huang, Li-Chuan Chuang, Mich\u00e8le Hervy-Auboiron, Teresa Paiva, Cheng-Hui Lin, Christian Guilleminault<\/em>. &#8211; <a href=\"https:\/\/www.sciencedirect.com\/journal\/sleep-medicine\" target=\"_blank\" rel=\"noopener\">Sleep Medicine<\/a> &#8211; DOI: <a href=\"https:\/\/doi.org\/10.1016\/j.sleep.2018.09.013\" target=\"_blank\" rel=\"noreferrer noopener\">https:\/\/doi.org\/10.1016\/j.sleep.2018.09.013<\/a> &#8211; Published<span style=\"font-size: revert; color: initial;\">:<\/span> 5 July 2019.<\/li>\r\n<li><a href=\"https:\/\/neurovirtual.com\/equipment\/bwiii-psg-plus\/\" target=\"_blank\" rel=\"noreferrer noopener\"><strong>BWIII P<\/strong><\/a><strong><a href=\"https:\/\/neurovirtual.com\/equipment\/bwiii-psg-plus\/\" target=\"_blank\" rel=\"noreferrer noopener\">SG Plus <\/a><\/strong>&#8211; <a href=\"https:\/\/link.springer.com\/article\/10.1007\/s40263-023-01055-y\" target=\"_blank\" rel=\"noopener\">Treatment of Sleep, Motor and Sensory Symptoms with the Orexin Antagonist Suvorexant in Adults with Idiopathic Restless Legs Syndrome: A Randomized Double-Blind Crossover Proof-of-Concept Study<\/a> &#8211; Diego Garcia-Borreguero, Alba Garcia Arag\u00f3n, Brian Moncada, Sofia Romero, Juan Jos\u00e9 Granizo, Sonia Quintas &amp; Mar\u00eda Castillo \u00a0&#8211; <a href=\"https:\/\/doi.org\/10.1007\/s40263-023-01055-y\" target=\"_blank\" rel=\"noopener\">https:\/\/doi.org\/10.1007\/s40263-023-01055-y<\/a> &#8211; Published: CNS Drug., Published: 21 January 2024.<\/li>\r\n<\/ul>\r\n\r\n\r\n\r\n<ul style=\"font-size: 17px;\">\r\n<li><a href=\"https:\/\/neurovirtual.com\/equipment\/bwiii-psg-plus\/\" target=\"_blank\" rel=\"noreferrer noopener\"><strong>BWIII P<\/strong><\/a><strong><a href=\"https:\/\/neurovirtual.com\/equipment\/bwiii-psg-plus\/\" target=\"_blank\" rel=\"noreferrer noopener\">SG Plus <\/a><\/strong>&#8211; <a href=\"https:\/\/www.frontiersin.org\/articles\/10.3389\/fphys.2022.899636\/full\" target=\"_blank\" rel=\"noreferrer noopener\">Hypoxia Differentially Affects Healthy Men and Women During a Daytime Nap With a Dose-Response Relationship: a Randomized, Cross-Over Pilot Study<\/a> &#8211; <em>Alain Riveros-Rivera, Thomas Penzel, Hanns-Christian Gunga, Oliver Opatz, Friedemann Paul, Lars Klug, Michael Boschmann and Anja M\u00e4hler &#8211; <\/em><a href=\"https:\/\/www.frontiersin.org\/articles\/10.3389\/fphys.2022.899636\/full\" target=\"_blank\" rel=\"noreferrer noopener\">Frontiers in Physiology<\/a> &#8211; <a href=\"https:\/\/doi.org\/10.3389\/fphys.2022.899636\" target=\"_blank\" rel=\"noopener\">https:\/\/doi.org\/10.3389\/fphys.2022.899636<\/a> &#8211; Published: Front. Physiol., 24 May 2022.<\/li>\r\n<\/ul>\r\n\r\n\r\n\r\n<ul style=\"font-size: 17px;\">\r\n<li><strong><a href=\"https:\/\/neurovirtual.com\/equipment\/bwiii-psg\/\" target=\"_blank\" rel=\"noreferrer noopener\">BWIII PSG<\/a><\/strong> &#8211; <a href=\"https:\/\/academic.oup.com\/sleep\/advance-article-abstract\/doi\/10.1093\/sleep\/zsac005\/6503730?redirectedFrom=fulltext\" target=\"_blank\" rel=\"noreferrer noopener\">Large body movements on video polysomnography are associated with daytime dysfunction in children with restless sleep disorder<\/a> &#8211; <em>Wei K Liu,\u00a0Thomas J Dye,\u00a0Paul Horn,\u00a0Connor Patterson,\u00a0David Garner,\u00a0Narong Simakajornboon<\/em> &#8211; <a href=\"https:\/\/academic.oup.com\/sleep\" target=\"_blank\" rel=\"noreferrer noopener\">OXFORD Academic <\/a>&#8211; Sleep, zsac005, <a href=\"https:\/\/doi.org\/10.1093\/sleep\/zsac005\" target=\"_blank\" rel=\"noreferrer noopener\">https:\/\/doi.org\/10.1093\/sleep\/zsac005<\/a>. Published: 11 January 2022.<\/li>\r\n<\/ul>\r\n\r\n\r\n\r\n<ul style=\"font-size: 17px;\">\r\n<li><a href=\"https:\/\/neurovirtual.com\/equipment\/bwiii-psg-plus\/\" target=\"_blank\" rel=\"noreferrer noopener\"><strong>BWIII P<\/strong><\/a><strong><a href=\"https:\/\/neurovirtual.com\/equipment\/bwiii-psg-plus\/\" target=\"_blank\" rel=\"noreferrer noopener\">SG Plus<\/a><\/strong> &#8211; <a href=\"https:\/\/link.springer.com\/article\/10.1007\/s11325-019-01929-w#citeas\" target=\"_blank\" rel=\"noreferrer noopener\">Changes in craniofacial and airway morphology as well as quality of life after passive myofunctional therapy in children with obstructive sleep apnea: a comparative cohort study<\/a> &#8211; <em>Li-Chuan Chuang, Yi-Jing Hwang, Yun-Chia Lian, Mich\u00e8le Hervy-Auboiron, Paola Pirelli, Yu-Shu Huang, Christian Guilleminault <\/em>&#8211; <a href=\"https:\/\/link.springer.com\/journal\/11325\" target=\"_blank\" rel=\"noopener\"><em>Sleep and Breathing<\/em><\/a> &#8211; <span style=\"font-size: revert; color: initial;\">DOI: <\/span> <a href=\"https:\/\/doi.org\/10.1007\/s11325-019-01929-w\" target=\"_blank\" rel=\"noreferrer noopener\">10.1007\/s11325-019-01929-w<\/a> &#8211; Published<span style=\"font-size: revert; color: initial;\">:<\/span> 03 September 2019.<\/li>\r\n<\/ul>\r\n\r\n\r\n\r\n<ul style=\"font-size: 17px;\">\r\n<li><a href=\"https:\/\/neurovirtual.com\/equipment\/bwiii-psg-plus\/\" target=\"_blank\" rel=\"noreferrer noopener\"><strong>BWIII P<\/strong><\/a><strong><a href=\"https:\/\/neurovirtual.com\/equipment\/bwiii-psg-plus\/\" target=\"_blank\" rel=\"noreferrer noopener\">SG Plus<\/a><\/strong> &#8211; <a href=\"https:\/\/jcsm.aasm.org\/doi\/abs\/10.5664\/jcsm.9032\" target=\"_blank\" rel=\"noreferrer noopener\">Different positron emission tomography findings in schizophrenia and narcolepsy type 1 in adolescents and young adults: a preliminary study<\/a> &#8211; <em>Wei-Chih Chin, MD, Feng-Yuan Liu, MD, Yu-Shu Huang, MD, PhD, Ing-Tsung Hsiao, PhD, Chih-Huan Wang, PhD, Ying-Chun Chen, MD<\/em> &#8211;<a href=\"https:\/\/jcsm.aasm.org\/journal\/jcsm\" target=\"_blank\" rel=\"noreferrer noopener\"> Journal of Clinical Sleep Medicine<\/a> &#8211; DOI: <a href=\"https:\/\/doi.org\/10.5664\/jcsm.9032\" target=\"_blank\" rel=\"noreferrer noopener\">https:\/\/doi.org\/10.5664\/jcsm.9032<\/a> &#8211; Published Online: April 1, 2021.<\/li>\r\n<\/ul>\r\n\r\n\r\n\r\n<ul>\r\n<li><a href=\"https:\/\/neurovirtual.com\/equipment\/bwiii-psg-plus\/\" target=\"_blank\" rel=\"noreferrer noopener\"><strong>BWIII P<\/strong><\/a><strong><a href=\"https:\/\/neurovirtual.com\/equipment\/bwiii-psg-plus\/\" target=\"_blank\" rel=\"noreferrer noopener\">SG Plus<\/a><\/strong> &#8211;<a href=\"https:\/\/www.ncbi.nlm.nih.gov\/pmc\/articles\/PMC8340895\/\" target=\"_blank\" rel=\"noreferrer noopener\"> The \u201crespiratory REM sleep without atonia benefit\u201d on coexisting REM sleep behavior disorder &#8211; obstructive sleep apnea<\/a> &#8211; Daniela L. Giardino,\u00a0Paola Fasano,\u00a0and\u00a0Arturo Garay &#8211; Sleep Science &#8211; doi:\u00a010.5935\/1984-0063.20200054 &#8211; Published: 14 April 2021.<\/li>\r\n<\/ul>\r\n\r\n\r\n\r\n<ul style=\"font-size: 17px;\">\r\n<li><strong><a href=\"https:\/\/neurovirtual.com\/equipment\/bwiii-psg\/\" target=\"_blank\" rel=\"noreferrer noopener\">BWII PSG<\/a><\/strong> &#8211; <a href=\"https:\/\/www.sciencedirect.com\/science\/article\/abs\/pii\/S1389945721000617?via%3Dihub\" target=\"_blank\" rel=\"noreferrer noopener\">Acoustic enhancement of slow wave sleep on consecutive nights improves alertness and attention in chronically short sleepers<\/a> &#8211; <em>Charmaine Diep, Gary Garcia-Molina, Jeff Jasko, Jessica Manousakis, Lynn Ostrowski, David White, Clare Anderson.<\/em> &#8211; <a href=\"https:\/\/www.sciencedirect.com\/journal\/sleep-medicine\" target=\"_blank\" rel=\"noopener\">Sleep Medicine<\/a> &#8211; DOI: <a href=\"https:\/\/doi.org\/10.1016\/j.sleep.2021.01.044\" target=\"_blank\" rel=\"noreferrer noopener\">https:\/\/doi.org\/10.1016\/j.sleep.2021.01.044<\/a> &#8211; Published: 30 January 2021.<\/li>\r\n<\/ul>\r\n\r\n\r\n\r\n<ul style=\"font-size: 17px;\">\r\n<li><strong><a href=\"https:\/\/neurovirtual.com\/equipment\/bwiii-psg\/\" target=\"_blank\" rel=\"noreferrer noopener\">BWIII PSG<\/a><\/strong> &#8211; <a href=\"https:\/\/www.sciencedirect.com\/science\/article\/pii\/S0021755717304680?via%3Dihub\" target=\"_blank\" rel=\"noreferrer noopener\">Validation of the Brazilian version of the Pediatric Obstructive Sleep Apnea Screening Tool questionnaire<\/a> &#8211; <em>Priscila J.S. Pires, Rita Mattiello, Magali S. Lumertz, Thiago P. Morsch, Simone C. Fagondes, Magda L. Nunes, David Gozal, Renato T. Stein <\/em>&#8211; <a href=\"https:\/\/www.scielo.br\/j\/jped\/a\/tVrbg9S6q7Km4J5QVsRtT5S\/?format=html&amp;lang=en\" target=\"_blank\" rel=\"noreferrer noopener\">Jornal de Pediatria\u00a0<\/a>&#8211; DOI: <a href=\"https:\/\/doi.org\/10.1016\/j.jped.2017.12.014\" target=\"_blank\" rel=\"noreferrer noopener\">https:\/\/doi.org\/10.1016\/j.jped.2017.12.014<\/a> &#8211; Published: Available online 1 March 2018, Version of Record 25 March 2019.<\/li>\r\n<\/ul>\r\n\r\n\r\n\r\n<ul style=\"font-size: 17px;\">\r\n<li><strong><a href=\"https:\/\/neurovirtual.com\/equipment\/bwiii-psg\/\" target=\"_blank\" rel=\"noreferrer noopener\">BWII PSG<\/a><\/strong> &#8211; <a href=\"https:\/\/www.thieme-connect.de\/products\/ejournals\/abstract\/10.1055\/s-0041-1735933\" target=\"_blank\" rel=\"noreferrer noopener\">Effectiveness of a Uniquely Designed Oral Appliance on Obstructive Sleep Apnea Control: A Pilot Study<\/a> &#8211; <em>Denise Fernandes Barbosa, Miguel Meira e Cruz, Marcelo Corr\u00eaa Alves, Edilson Zancanella, Fausto Berzin, Almiro Jos\u00e9 Machado J\u00fanior<\/em>. &#8211; <a href=\"https:\/\/www.thieme.com\/books-main\/dentistry\/product\/5202-european-journal-of-dentistry\" target=\"_blank\" rel=\"noreferrer noopener\">European Journal of Dentistry<\/a> &#8211; DOI: 10.1055\/s-0041-1735933 &#8211; Published: 18 February 2022.<\/li>\r\n<\/ul>\r\n\r\n\r\n\r\n<ul style=\"font-size: 17px;\">\r\n<li><strong><a href=\"https:\/\/neurovirtual.com\/equipment\/bwiii-psg\/\" target=\"_blank\" rel=\"noreferrer noopener\">BWII PSG<\/a><\/strong> &#8211; <a href=\"https:\/\/onlinelibrary.wiley.com\/doi\/full\/10.1111\/jsr.12954\" target=\"_blank\" rel=\"noreferrer noopener\">Effects of acupuncture on obstructive sleep apnea severity, blood pressure control and quality of life in patients with hypertension: A randomized controlled trial<\/a> &#8211; Marcus Vin\u00edcius F. P. Silva, Thais C. Lustosa, Victor J. Arai, Tarcya L. G. Couto Patriota, Maria P. F. Lira, Ozeas L. Lins-Filho, Sintya T. Chalegre, Kamilla B.B.A.S., Isaac V. Secundo, Rodrigo P. Pedrosa &#8211; Journal of Sleep Research &#8211; <span style=\"font-size: revert; color: initial;\">DOI: <\/span> <a href=\"https:\/\/doi.org\/10.1111\/jsr.12954\" target=\"_blank\" rel=\"noopener\">https:\/\/doi.org\/10.1111\/jsr.12954<\/a> <span style=\"font-size: revert; color: initial;\"> &#8211; <\/span>Published<span style=\"font-size: revert; color: initial;\">:<\/span> 23 December 2019.<\/li>\r\n<\/ul>\r\n\r\n\r\n\r\n<ul style=\"font-size: 17px;\">\r\n<li><strong><a href=\"https:\/\/neurovirtual.com\/equipment\/bwmini-psg\/\" target=\"_blank\" rel=\"noreferrer noopener\">BWMini PSG<\/a><\/strong> &#8211; <a href=\"https:\/\/link.springer.com\/article\/10.1007\/s11325-021-02449-2\" target=\"_blank\" rel=\"noreferrer noopener\">Temporomandibular disorders in patients with polysomnographic diagnosis of sleep bruxism: a case\u2013control study <\/a>&#8211; <em>Andrea Sinclair, Mieszko Wieckiewicz, Dominik Ettlin, Raimundo Junior, Ant\u00f4nio S\u00e9rgio Guimar\u00e3es, Michele Gomes &amp; Miguel Meira e Cruz<\/em>. &#8211; <a href=\"https:\/\/www.springer.com\/journal\/11325\" target=\"_blank\" rel=\"noreferrer noopener\">Sleep and Breathing<\/a> &#8211; DOI: <a href=\"https:\/\/doi.org\/10.1007\/s11325-021-02449-2\" target=\"_blank\" rel=\"noreferrer noopener\">https:\/\/doi.org\/10.1007\/s11325-021-02449-2<\/a> &#8211; Published: 08 August 2021.<\/li>\r\n<\/ul>\r\n\r\n\r\n\r\n<h2 class=\"wp-block-heading\">NEUROLOGY<\/h2>\r\n<p>\r\n\r\n<\/p>\r\n<ul>\r\n<li><strong><a href=\"https:\/\/neurovirtual.com\/equipment\/bw-iii-plus\/\" target=\"_blank\" rel=\"noreferrer noopener\">BWIII EEG Plus<\/a> <\/strong>&#8211; <a href=\"https:\/\/www.nature.com\/articles\/s41598-023-41742-w\" target=\"_blank\" rel=\"noopener\">Moving time zones in a flash with light therapy during sleep<\/a> &#8211; Renske Lok, Marisol Duran &amp; Jamie M. Zeitzer &#8211; <a href=\"https:\/\/www.nature.com\/articles\/s41598-023-41742-w\" target=\"_blank\" rel=\"noopener\">Nature &#8211; Scientific Reports<\/a> &#8211; DOI: <a href=\"https:\/\/doi.org\/10.1038\/s41598-023-41742-w\" target=\"_blank\" rel=\"noopener\">https:\/\/doi.org\/10.1038\/s41598-023-41742-w<\/a> &#8211; Published: 02 September 2023.<\/li>\r\n<\/ul>\r\n<ul>\r\n<li><strong><a href=\"https:\/\/neurovirtual.com\/equipment\/bw-iii-plus\/\" target=\"_blank\" rel=\"noreferrer noopener\">BWIII EEG Plus<\/a> <\/strong>&#8211; <a href=\"https:\/\/www.thieme-connect.de\/products\/ejournals\/abstract\/10.1055\/s-0041-1735933\" target=\"_blank\" rel=\"noreferrer noopener\">Reversi<\/a><a href=\"https:\/\/www.sciencedirect.com\/science\/article\/abs\/pii\/S0165027022000887\" target=\"_blank\" rel=\"noreferrer noopener\">ble focal intracranial hypertension swine model with continuous multimodal neuromonitoring<\/a> &#8211; <em>Nicolas Marcelo Ciarrocchi, Fernando Pose, Pablo Saez, Maria del Carman Garcia, Fernando Padilla, Pedro Plou, Santiago Hem, John George Karippacheril, Alejandro Figar Gutierrez, Francisco O. Redelico.<\/em> &#8211; <a href=\"https:\/\/www.sciencedirect.com\/journal\/journal-of-neuroscience-methods\" target=\"_blank\" rel=\"noreferrer noopener\">Journal of Neuroscience Methods<\/a> &#8211; DOI: <a href=\"https:\/\/doi.org\/10.1016\/j.jneumeth.2022.109561\" target=\"_blank\" rel=\"noreferrer noopener\">https:\/\/doi.org\/10.1016\/j.jneumeth.2022.109561<\/a> &#8211; Published: 1 May 2022.<\/li>\r\n<\/ul>\r\n\r\n\r\n\r\n<ul style=\"font-size: 17px;\">\r\n<li><a href=\"https:\/\/neurovirtual.com\/equipment\/bwiii-eeg\/\" target=\"_blank\" rel=\"noreferrer noopener\"><strong>BWIII EEG<\/strong><\/a> &#8211; <a href=\"https:\/\/link.springer.com\/article\/10.1007\/s12671-021-01762-x\" target=\"_blank\" rel=\"noreferrer noopener\">EEG Characteristics During Mindfulness Meditation Among Buddhist Monks in a Sri Lankan Forest Monastery<\/a> &#8211; <em>Chamil Marasinghe, Varuni Tennakoon &amp; Sanath T. C. Mahawithanage<\/em> &#8211; <a href=\"https:\/\/www.springer.com\/journal\/12671\" target=\"_blank\" rel=\"noreferrer noopener\">Mindfulness <\/a>&#8211; DOI: <a href=\"https:\/\/doi.org\/10.1007\/s12671-021-01762-x\" target=\"_blank\" rel=\"noreferrer noopener\">https:\/\/doi.org\/10.1007\/s12671-021-01762-x<\/a> &#8211; Published: 25 September 2021.<\/li>\r\n<\/ul>\r\n\r\n\r\n\r\n<ul style=\"font-size: 17px;\">\r\n<li><a href=\"https:\/\/neurovirtual.com\/equipment\/bwiii-eeg\/\" target=\"_blank\" rel=\"noreferrer noopener\"><strong>BWIII EEG<\/strong><\/a> &#8211; <a href=\"https:\/\/www.sciencedirect.com\/science\/article\/pii\/S0213485320304394?via%3Dihub\" target=\"_blank\" rel=\"noopener\">Reduction of photoparoxysmal response from patients with drug-resistant photosensitive epilepsy by using Z1 filtersReducci\u00f3n de la respuesta fot<\/a><a href=\"https:\/\/www.sciencedirect.com\/science\/article\/pii\/S0213485320304394?via%3Dihub\" target=\"_blank\" rel=\"noreferrer noopener\">oparox\u00edstica en pacientes con epilepsia fotosensible farmacorresistente mediante el uso de filtros Z1<\/a> &#8211;<em> O.A.Martinez, L.Lagos, G.Ernst, R.Ebner <\/em>&#8211; <a href=\"https:\/\/www.sciencedirect.com\/journal\/neurologia\" target=\"_blank\" rel=\"noreferrer noopener\">Neurolog\u00eda is the official journal of the Sociedad Espa\u00f1ola de Neurolog\u00eda<\/a> &#8211; DOI: <a href=\"https:\/\/doi.org\/10.1016\/j.nrl.2020.11.011\" target=\"_blank\" rel=\"noreferrer noopener\">https:\/\/doi.org\/10.1016\/j.nrl.2020.11.011<\/a> &#8211; Published: Available online 2 February 2021, Version of Record 11 January 2022.<\/li>\r\n<\/ul>\r\n\r\n\r\n\r\n<ul style=\"font-size: 17px;\">\r\n<li><a href=\"https:\/\/neurovirtual.com\/equipment\/bwiii-eeg\/\" target=\"_blank\" rel=\"noreferrer noopener\"><strong>BWII EEG<\/strong><\/a> &#8211; <a href=\"https:\/\/link.springer.com\/chapter\/10.1007\/978-3-030-59277-6_15#citeas\" target=\"_blank\" rel=\"noreferrer noopener\">Automatic Detection of Epileptic Waves in Electroencephalograms Using Bag of Visual Words and Machine Learning<\/a> &#8211; Marlen Sof\u00eda Mu\u00f1oz, Camilo Ernesto Sarmiento Torres, Diego M. L\u00f3pez, Ricardo Salazar-Cabrera &amp; Rubiel Vargas-Ca\u00f1as &#8211; <a href=\"https:\/\/link.springer.com\/conference\/brain%20brain\" target=\"_blank\" rel=\"noopener\">International Conference on Brain Informatics<\/a> &#8211; DOI: \u00a0<a href=\"https:\/\/link.springer.com\/chapter\/10.1007\/978-3-030-59277-6_15\" target=\"_blank\" rel=\"noreferrer noopener\">10.1007\/978-3-030-59277-6_15<\/a> &#8211; Published: 15 September 2020.<\/li>\r\n<\/ul>\r\n\r\n\r\n\r\n<ul style=\"font-size: 17px;\">\r\n<li><a href=\"https:\/\/neurovirtual.com\/equipment\/bwiii-eeg\/\" target=\"_blank\" rel=\"noreferrer noopener\"><strong>BWII EEG<\/strong><\/a> &#8211; <a href=\"https:\/\/www.ncbi.nlm.nih.gov\/pmc\/articles\/PMC7237117\/\" target=\"_blank\" rel=\"noreferrer noopener\">Intelligent Telehealth System To Support Epilepsy Diagnosis<\/a> &#8211; <em>Edward Molina,\u00a0Camilo Ernesto Sarmiento Torres, Ricardo Salazar-Cabrera,\u00a0Diego M L\u00f3pez,\u00a0and\u00a0Rubiel Vargas-Ca\u00f1as<\/em> &#8211; <a href=\"https:\/\/www.dovepress.com\/index.php\" target=\"_blank\" rel=\"noreferrer noopener\">DovePress<\/a> -DOI: <a href=\"https:\/\/doi.org\/10.2147\/JMDH.S247878\" target=\"_blank\" rel=\"noopener\">https:\/\/doi.org\/10.2147\/JMDH.S247878<\/a> <span style=\"color: initial;\">&#8211; <\/span>Published:<span style=\"color: initial;\"> 15 May 2020.<\/span><\/li>\r\n<\/ul>\r\n\r\n\r\n\r\n<ul style=\"font-size: 17px;\">\r\n<li><a href=\"https:\/\/neurovirtual.com\/equipment\/bwiii-eeg\/\" target=\"_blank\" rel=\"noreferrer noopener\"><strong>BWII EEG<\/strong><\/a> &#8211; <a href=\"https:\/\/braininformatics.springeropen.com\/articles\/10.1186\/s40708-020-00106-0\" target=\"_blank\" rel=\"noreferrer noopener\">Epileptic spikes detector in pediatric EEG based on matched filters and neural networks <\/a>&#8211; <em>Maritza Mera-Gaona,Diego M. L\u00f3pez,Rubiel Vargas-Canas,\u00a0and\u00a0Mar\u00eda Mi\u00f1o<\/em> &#8211; <a href=\"https:\/\/braininformatics.springeropen.com\/\" target=\"_blank\" rel=\"noreferrer noopener\">Brain Informatics<\/a> &#8211; DOI: <a href=\"https:\/\/doi.org\/10.1186\/s40708-020-00106-0\" target=\"_blank\" rel=\"noreferrer noopener\">https:\/\/doi.org\/10.1186\/s40708-020-00106-0<\/a> &#8211; Published: 24 May 2020.<\/li>\r\n<\/ul>\r\n\r\n\r\n\r\n<ul style=\"font-size: 17px;\">\r\n<li><a href=\"https:\/\/neurovirtual.com\/equipment\/bwiii-eeg\/\" target=\"_blank\" rel=\"noreferrer noopener\"><strong>BWII EEG<\/strong><\/a> &#8211; <a href=\"https:\/\/link.springer.com\/article\/10.1007\/s11325-019-01951-y\" target=\"_blank\" rel=\"noreferrer noopener\">Differences in electroencephalographic spectra during pre-sleep wakefulness, N1, and R sleep between comorbid insomnia and obstructive sleep apnea<\/a>\u00a0\u2013<em>\u00a0Angela M. P\u00e1ramo-Brando, Pilar Dur\u00e1n, Irma Y. del R\u00edo-Portilla, Adri\u00e1n Poblano &amp; Reyes Haro <\/em>\u2013\u00a0Sleep and Breathing\u00a0\u2013 DOI:\u00a0<a href=\"https:\/\/www.thieme-connect.de\/products\/ejournals\/abstract\/10.1055\/s-0040-1710304\" target=\"_blank\" rel=\"noreferrer noopener\"> https:\/\/doi.org\/10.1007\/s11325-019-01951-y<\/a> &#8211; Published:\u00a003 December 2019.<\/li>\r\n<\/ul>\r\n\r\n\r\n\r\n<p>&nbsp;<\/p>\r\n\r\n\r\n\r\n<p>&nbsp;<\/p>\r\n","protected":false},"excerpt":{"rendered":"<p>&nbsp; SLEEP MEDICINE BWIII PSG Plus &#8211;Neutral supporting mandibular advancement device with tongue bead for passive myofunctional therapy: a long term follow-up study &#8211; Yu-Shu Huang, Li-Chuan Chuang, Mich\u00e8le Hervy-Auboiron, Teresa Paiva, Cheng-Hui Lin, Christian Guilleminault. &#8211; Sleep Medicine &#8211; DOI: https:\/\/doi.org\/10.1016\/j.sleep.2018.09.013 &#8211; Published: 5 July 2019. BWIII PSG Plus &#8211; Treatment of Sleep, Motor&#8230;<\/p>\n","protected":false},"author":6,"featured_media":815145,"parent":0,"menu_order":0,"comment_status":"closed","ping_status":"closed","template":"","meta":{"_acf_changed":false,"_joinchat":[],"footnotes":""},"acf":[],"_links":{"self":[{"href":"https:\/\/neurovirtual.com\/br\/wp-json\/wp\/v2\/pages\/814845"}],"collection":[{"href":"https:\/\/neurovirtual.com\/br\/wp-json\/wp\/v2\/pages"}],"about":[{"href":"https:\/\/neurovirtual.com\/br\/wp-json\/wp\/v2\/types\/page"}],"author":[{"embeddable":true,"href":"https:\/\/neurovirtual.com\/br\/wp-json\/wp\/v2\/users\/6"}],"replies":[{"embeddable":true,"href":"https:\/\/neurovirtual.com\/br\/wp-json\/wp\/v2\/comments?post=814845"}],"version-history":[{"count":15,"href":"https:\/\/neurovirtual.com\/br\/wp-json\/wp\/v2\/pages\/814845\/revisions"}],"predecessor-version":[{"id":815977,"href":"https:\/\/neurovirtual.com\/br\/wp-json\/wp\/v2\/pages\/814845\/revisions\/815977"}],"wp:featuredmedia":[{"embeddable":true,"href":"https:\/\/neurovirtual.com\/br\/wp-json\/wp\/v2\/media\/815145"}],"wp:attachment":[{"href":"https:\/\/neurovirtual.com\/br\/wp-json\/wp\/v2\/media?parent=814845"}],"curies":[{"name":"wp","href":"https:\/\/api.w.org\/{rel}","templated":true}]}}