{"id":804767,"date":"2020-03-20T16:45:08","date_gmt":"2020-03-20T19:45:08","guid":{"rendered":"https:\/\/neurovirtual.com\/br\/?page_id=804767"},"modified":"2022-07-22T17:21:33","modified_gmt":"2022-07-22T20:21:33","slug":"solicite-uma-demonstracao-online","status":"publish","type":"page","link":"https:\/\/neurovirtual.com\/br\/solicite-uma-demonstracao-online\/","title":{"rendered":"Demonstra\u00e7\u00e3o on-line"},"content":{"rendered":"\n<h3 class=\"wp-block-heading\">Solicite uma demonstra\u00e7\u00e3o on-line e descubra como as ferramentas e recursos oferecidos pela Neurovirtual podem ajudar a melhorar seu EEG ou Laborat\u00f3rio do Sono.<\/h3>\n\n\n\n<p>Solicite uma demonstra\u00e7\u00e3o agora, disponibilidade flex\u00edvel 24\/7.<\/p>\n\n\n\n<h3 class=\"wp-block-heading\">\u00a0<script type=\"text\/javascript\">var gform;gform||(document.addEventListener(\"gform_main_scripts_loaded\",function(){gform.scriptsLoaded=!0}),window.addEventListener(\"DOMContentLoaded\",function(){gform.domLoaded=!0}),gform={domLoaded:!1,scriptsLoaded:!1,initializeOnLoaded:function(o){gform.domLoaded&&gform.scriptsLoaded?o():!gform.domLoaded&&gform.scriptsLoaded?window.addEventListener(\"DOMContentLoaded\",o):document.addEventListener(\"gform_main_scripts_loaded\",o)},hooks:{action:{},filter:{}},addAction:function(o,n,r,t){gform.addHook(\"action\",o,n,r,t)},addFilter:function(o,n,r,t){gform.addHook(\"filter\",o,n,r,t)},doAction:function(o){gform.doHook(\"action\",o,arguments)},applyFilters:function(o){return gform.doHook(\"filter\",o,arguments)},removeAction:function(o,n){gform.removeHook(\"action\",o,n)},removeFilter:function(o,n,r){gform.removeHook(\"filter\",o,n,r)},addHook:function(o,n,r,t,i){null==gform.hooks[o][n]&&(gform.hooks[o][n]=[]);var e=gform.hooks[o][n];null==i&&(i=n+\"_\"+e.length),gform.hooks[o][n].push({tag:i,callable:r,priority:t=null==t?10:t})},doHook:function(n,o,r){var t;if(r=Array.prototype.slice.call(r,1),null!=gform.hooks[n][o]&&((o=gform.hooks[n][o]).sort(function(o,n){return o.priority-n.priority}),o.forEach(function(o){\"function\"!=typeof(t=o.callable)&&(t=window[t]),\"action\"==n?t.apply(null,r):r[0]=t.apply(null,r)})),\"filter\"==n)return r[0]},removeHook:function(o,n,t,i){var r;null!=gform.hooks[o][n]&&(r=(r=gform.hooks[o][n]).filter(function(o,n,r){return!!(null!=i&&i!=o.tag||null!=t&&t!=o.priority)}),gform.hooks[o][n]=r)}});<\/script>\n                <div class='gf_browser_gecko gform_wrapper gform_legacy_markup_wrapper gform-theme--no-framework' data-form-theme='legacy' data-form-index='0' id='gform_wrapper_10' >\n                        <div class='gform_heading'>\n                            <h3 class=\"gform_title\">Solicite uma demonstra\u00e7\u00e3o on-line<\/h3>\n                            <p class='gform_description'><\/p>\n                        <\/div><form method='post' enctype='multipart\/form-data'  id='gform_10'  action='\/br\/wp-json\/wp\/v2\/pages\/804767' data-formid='10' novalidate>\n                        <div class='gform-body gform_body'><ul id='gform_fields_10' class='gform_fields top_label form_sublabel_below description_below validation_below'><li id=\"field_10_30\" class=\"gfield gfield--type-section gsection field_sublabel_below gfield--no-description field_description_below field_validation_below gfield_visibility_visible\"  data-js-reload=\"field_10_30\" ><h2 class=\"gsection_title\">Detalhes Pessoais<\/h2><\/li><li id=\"field_10_1\" class=\"gfield gfield--type-text nome gplaceholder large gfield_contains_required field_sublabel_below gfield--no-description field_description_above field_validation_below gfield_visibility_visible\"  data-js-reload=\"field_10_1\" ><label class='gfield_label gform-field-label' for='input_10_1'>Nome completo:<span class=\"gfield_required\"><span class=\"gfield_required gfield_required_asterisk\">*<\/span><\/span><\/label><div class='ginput_container ginput_container_text'><input name='input_1' id='input_10_1' type='text' value='' class='large'     aria-required=\"true\" aria-invalid=\"false\"   \/> <\/div><\/li><li id=\"field_10_3\" class=\"gfield gfield--type-email gfield--width-full email gplaceholder medium gfield_contains_required field_sublabel_below gfield--no-description field_description_below field_validation_below gfield_visibility_visible\"  data-js-reload=\"field_10_3\" ><label class='gfield_label gform-field-label' for='input_10_3'>E-mail<span class=\"gfield_required\"><span class=\"gfield_required gfield_required_asterisk\">*<\/span><\/span><\/label><div class='ginput_container ginput_container_email'>\n                            <input name='input_3' id='input_10_3' type='email' value='' class='medium'    aria-required=\"true\" aria-invalid=\"false\"  \/>\n                        <\/div><\/li><li id=\"field_10_24\" class=\"gfield gfield--type-select gfield--width-full sobrenome gplaceholder medium country_field gfield_contains_required field_sublabel_below gfield--no-description field_description_below field_validation_below gfield_visibility_visible\"  data-js-reload=\"field_10_24\" ><label class='gfield_label gform-field-label' for='input_10_24'>Pa\u00eds<span class=\"gfield_required\"><span class=\"gfield_required gfield_required_asterisk\">*<\/span><\/span><\/label><div class='ginput_container ginput_container_select'><select name='input_24' id='input_10_24' class='medium gfield_select'    aria-required=\"true\" aria-invalid=\"false\" ><option value='0' >Selecione<\/option><\/select><\/div><\/li><li id=\"field_10_27\" class=\"gfield gfield--type-select gfield--width-full sobrenome gplaceholder medium state_field gfield_contains_required field_sublabel_below gfield--no-description field_description_below field_validation_below gfield_visibility_visible\"  data-js-reload=\"field_10_27\" ><label class='gfield_label gform-field-label' for='input_10_27'>Estado<span class=\"gfield_required\"><span class=\"gfield_required gfield_required_asterisk\">*<\/span><\/span><\/label><div class='ginput_container ginput_container_select'><select name='input_27' id='input_10_27' class='medium gfield_select'    aria-required=\"true\" aria-invalid=\"false\" ><option value='Selecione' >Selecione<\/option><\/select><\/div><\/li><li id=\"field_10_23\" class=\"gfield gfield--type-text gfield--width-full sobrenome gplaceholder medium city_field field_sublabel_below gfield--no-description field_description_above field_validation_below gfield_visibility_visible\"  data-js-reload=\"field_10_23\" ><label class='gfield_label gform-field-label' for='input_10_23'>Cidade<\/label><div class='ginput_container ginput_container_text'><input name='input_23' id='input_10_23' type='text' value='' class='medium'      aria-invalid=\"false\"   \/> <\/div><\/li><li id=\"field_10_33\" class=\"gfield gfield--type-hidden gfield--width-full gform_hidden field_sublabel_below gfield--no-description field_description_below field_validation_below gfield_visibility_visible\"  data-js-reload=\"field_10_33\" ><div class='ginput_container ginput_container_text'><input name='input_33' id='input_10_33' type='hidden' class='gform_hidden'  aria-invalid=\"false\" value='' \/><\/div><\/li><li id=\"field_10_25\" class=\"gfield gfield--type-hidden gfield--width-full gform_hidden field_sublabel_below gfield--no-description field_description_below field_validation_below gfield_visibility_visible\"  data-js-reload=\"field_10_25\" ><div class='ginput_container ginput_container_text'><input name='input_25' id='input_10_25' type='hidden' class='gform_hidden'  aria-invalid=\"false\" value='' \/><\/div><\/li><li id=\"field_10_28\" class=\"gfield gfield--type-phone gfield--width-full sobrenome gplaceholder medium phone gfield_contains_required field_sublabel_below gfield--no-description field_description_below field_validation_below gfield_visibility_visible\"  data-js-reload=\"field_10_28\" ><label class='gfield_label gform-field-label' for='input_10_28'>Telefone<span class=\"gfield_required\"><span class=\"gfield_required gfield_required_asterisk\">*<\/span><\/span><\/label><div class='ginput_container ginput_container_phone'><input name='input_28' id='input_10_28' type='tel' value='' class='medium'   aria-required=\"true\" aria-invalid=\"false\"   \/><\/div><\/li><li id=\"field_10_34\" class=\"gfield gfield--type-hidden gfield--width-full gform_hidden field_sublabel_below gfield--no-description field_description_below field_validation_below gfield_visibility_visible\"  data-js-reload=\"field_10_34\" ><div class='ginput_container ginput_container_text'><input name='input_34' id='input_10_34' type='hidden' class='gform_hidden'  aria-invalid=\"false\" value='' \/><\/div><\/li><li id=\"field_10_26\" class=\"gfield gfield--type-hidden gfield--width-full gform_hidden field_sublabel_below gfield--no-description field_description_below field_validation_below gfield_visibility_visible\"  data-js-reload=\"field_10_26\" ><div class='ginput_container ginput_container_text'><input name='input_26' id='input_10_26' type='hidden' class='gform_hidden'  aria-invalid=\"false\" value='' \/><\/div><\/li><li id=\"field_10_29\" class=\"gfield gfield--type-phone gfield--width-full sobrenome gplaceholder medium cellphone field_sublabel_below gfield--no-description field_description_below field_validation_below gfield_visibility_visible\"  data-js-reload=\"field_10_29\" ><label class='gfield_label gform-field-label' for='input_10_29'>Celular<\/label><div class='ginput_container ginput_container_phone'><input name='input_29' id='input_10_29' type='tel' value='' class='medium'    aria-invalid=\"false\"   \/><\/div><\/li><li id=\"field_10_31\" class=\"gfield gfield--type-section gsection field_sublabel_below gfield--no-description field_description_below field_validation_below gfield_visibility_visible\"  data-js-reload=\"field_10_31\" ><h2 class=\"gsection_title\">Equipamentos<\/h2><\/li><li id=\"field_10_19\" class=\"gfield gfield--type-checkbox gfield--type-choice left gfield_contains_required field_sublabel_below gfield--no-description field_description_above field_validation_below gfield_visibility_visible\"  data-js-reload=\"field_10_19\" ><label class='gfield_label gform-field-label gfield_label_before_complex' >Que exames voc\u00ea realiza ou deseja realizar?<span class=\"gfield_required\"><span class=\"gfield_required gfield_required_asterisk\">*<\/span><\/span><\/label><div class='ginput_container ginput_container_checkbox'><ul class='gfield_checkbox' id='input_10_19'><li class='gchoice gchoice_10_19_1'>\n\t\t\t\t\t\t\t\t<input class='gfield-choice-input' name='input_19.1' type='checkbox'  value='EEG'  id='choice_10_19_1'   \/>\n\t\t\t\t\t\t\t\t<label for='choice_10_19_1' id='label_10_19_1' class='gform-field-label gform-field-label--type-inline'>EEG<\/label>\n\t\t\t\t\t\t\t<\/li><li class='gchoice gchoice_10_19_2'>\n\t\t\t\t\t\t\t\t<input class='gfield-choice-input' name='input_19.2' type='checkbox'  value='V\u00eddeo EEG'  id='choice_10_19_2'   \/>\n\t\t\t\t\t\t\t\t<label for='choice_10_19_2' id='label_10_19_2' class='gform-field-label gform-field-label--type-inline'>V\u00eddeo EEG<\/label>\n\t\t\t\t\t\t\t<\/li><li class='gchoice gchoice_10_19_3'>\n\t\t\t\t\t\t\t\t<input class='gfield-choice-input' name='input_19.3' type='checkbox'  value='EEG domiciliar'  id='choice_10_19_3'   \/>\n\t\t\t\t\t\t\t\t<label for='choice_10_19_3' id='label_10_19_3' class='gform-field-label gform-field-label--type-inline'>EEG domiciliar<\/label>\n\t\t\t\t\t\t\t<\/li><li class='gchoice gchoice_10_19_4'>\n\t\t\t\t\t\t\t\t<input class='gfield-choice-input' name='input_19.4' type='checkbox'  value='EEG e PSG'  id='choice_10_19_4'   \/>\n\t\t\t\t\t\t\t\t<label for='choice_10_19_4' id='label_10_19_4' class='gform-field-label gform-field-label--type-inline'>EEG e PSG<\/label>\n\t\t\t\t\t\t\t<\/li><li class='gchoice gchoice_10_19_5'>\n\t\t\t\t\t\t\t\t<input class='gfield-choice-input' name='input_19.5' type='checkbox'  value='PSG'  id='choice_10_19_5'   \/>\n\t\t\t\t\t\t\t\t<label for='choice_10_19_5' id='label_10_19_5' class='gform-field-label gform-field-label--type-inline'>PSG<\/label>\n\t\t\t\t\t\t\t<\/li><li class='gchoice gchoice_10_19_6'>\n\t\t\t\t\t\t\t\t<input class='gfield-choice-input' name='input_19.6' type='checkbox'  value='PSG domiciliar'  id='choice_10_19_6'   \/>\n\t\t\t\t\t\t\t\t<label for='choice_10_19_6' id='label_10_19_6' class='gform-field-label gform-field-label--type-inline'>PSG domiciliar<\/label>\n\t\t\t\t\t\t\t<\/li><li class='gchoice gchoice_10_19_7'>\n\t\t\t\t\t\t\t\t<input class='gfield-choice-input' name='input_19.7' type='checkbox'  value='HST'  id='choice_10_19_7'   \/>\n\t\t\t\t\t\t\t\t<label for='choice_10_19_7' id='label_10_19_7' class='gform-field-label gform-field-label--type-inline'>HST<\/label>\n\t\t\t\t\t\t\t<\/li><\/ul><\/div><\/li><li id=\"field_10_32\" class=\"gfield gfield--type-section gsection field_sublabel_below gfield--no-description field_description_below field_validation_below gfield_visibility_visible\"  data-js-reload=\"field_10_32\" ><h2 class=\"gsection_title\">Coment\u00e1rios e Envio<\/h2><\/li><li id=\"field_10_22\" class=\"gfield gfield--type-textarea nome gplaceholder large field_sublabel_below gfield--no-description field_description_below field_validation_below gfield_visibility_visible\"  data-js-reload=\"field_10_22\" ><label class='gfield_label gform-field-label' for='input_10_22'>Notas<\/label><div class='ginput_container ginput_container_textarea'><textarea name='input_22' id='input_10_22' class='textarea medium'      aria-invalid=\"false\"   rows='10' cols='50'><\/textarea><\/div><\/li><li id=\"field_10_20\" class=\"gfield gfield--type-section gsection field_sublabel_below gfield--no-description field_description_below field_validation_below gfield_visibility_visible\"  data-js-reload=\"field_10_20\" ><h2 class=\"gsection_title\"><\/h2><\/li><li id=\"field_10_35\" class=\"gfield gfield--type-captcha gfield--width-full left field_sublabel_below gfield--no-description field_description_below field_validation_below gfield_visibility_visible\"  data-js-reload=\"field_10_35\" ><label class='gfield_label gform-field-label' for='input_10_35'>CAPTCHA<\/label><div id='input_10_35' class='ginput_container ginput_recaptcha' data-sitekey='6LdgBM0eAAAAAJH980LTeQVi0HziH3BoS4kVg0gm'  data-theme='light' data-tabindex='0'  data-badge=''><\/div><\/li><li id=\"field_10_5\" class=\"gfield gfield--type-hidden gform_hidden field_sublabel_below gfield--no-description field_description_below field_validation_below gfield_visibility_visible\"  data-js-reload=\"field_10_5\" ><div class='ginput_container ginput_container_text'><input name='input_5' id='input_10_5' type='hidden' class='gform_hidden'  aria-invalid=\"false\" value='216.73.216.119' \/><\/div><\/li><\/ul><\/div>\n        <div class='gform_footer top_label'> <input type='submit' id='gform_submit_button_10' class='gform_button button' value='Enviar'  onclick='if(window[\"gf_submitting_10\"]){return false;}  if( !jQuery(\"#gform_10\")[0].checkValidity || jQuery(\"#gform_10\")[0].checkValidity()){window[\"gf_submitting_10\"]=true;}  ' onkeypress='if( event.keyCode == 13 ){ if(window[\"gf_submitting_10\"]){return false;} if( !jQuery(\"#gform_10\")[0].checkValidity || jQuery(\"#gform_10\")[0].checkValidity()){window[\"gf_submitting_10\"]=true;}  jQuery(\"#gform_10\").trigger(\"submit\",[true]); }' \/> \n            <input type='hidden' class='gform_hidden' name='is_submit_10' value='1' \/>\n            <input type='hidden' class='gform_hidden' name='gform_submit' value='10' \/>\n            \n            <input type='hidden' class='gform_hidden' name='gform_unique_id' value='' \/>\n            <input type='hidden' class='gform_hidden' name='state_10' value='WyJbXSIsImE4YzA0ZjIyZTVlMTNlMGUwZmIwNzNkZDA3MmQ1NjZhIl0=' \/>\n            <input type='hidden' class='gform_hidden' name='gform_target_page_number_10' id='gform_target_page_number_10' value='0' \/>\n            <input type='hidden' class='gform_hidden' name='gform_source_page_number_10' id='gform_source_page_number_10' value='1' \/>\n            <input type='hidden' name='gform_field_values' value='' \/>\n            \n        <\/div>\n                        <p style=\"display: none !important;\" class=\"akismet-fields-container\" data-prefix=\"ak_\"><label>&#916;<textarea name=\"ak_hp_textarea\" cols=\"45\" rows=\"8\" maxlength=\"100\"><\/textarea><\/label><input type=\"hidden\" id=\"ak_js_1\" name=\"ak_js\" value=\"75\"\/><script>document.getElementById( \"ak_js_1\" ).setAttribute( \"value\", ( new Date() ).getTime() );<\/script><\/p><\/form>\n                        <\/div><script type=\"text\/javascript\">\n\/* <![CDATA[ *\/\n gform.initializeOnLoaded( function() {gformInitSpinner( 10, 'https:\/\/neurovirtual.com\/br\/wp-content\/plugins\/gravityforms\/images\/spinner.svg', true );jQuery('#gform_ajax_frame_10').on('load',function(){var contents = jQuery(this).contents().find('*').html();var is_postback = contents.indexOf('GF_AJAX_POSTBACK') >= 0;if(!is_postback){return;}var form_content = jQuery(this).contents().find('#gform_wrapper_10');var is_confirmation = jQuery(this).contents().find('#gform_confirmation_wrapper_10').length > 0;var is_redirect = contents.indexOf('gformRedirect(){') >= 0;var is_form = form_content.length > 0 && ! is_redirect && ! is_confirmation;var mt = parseInt(jQuery('html').css('margin-top'), 10) + parseInt(jQuery('body').css('margin-top'), 10) + 100;if(is_form){jQuery('#gform_wrapper_10').html(form_content.html());if(form_content.hasClass('gform_validation_error')){jQuery('#gform_wrapper_10').addClass('gform_validation_error');} else {jQuery('#gform_wrapper_10').removeClass('gform_validation_error');}setTimeout( function() { \/* delay the scroll by 50 milliseconds to fix a bug in chrome *\/  }, 50 );if(window['gformInitDatepicker']) {gformInitDatepicker();}if(window['gformInitPriceFields']) {gformInitPriceFields();}var current_page = jQuery('#gform_source_page_number_10').val();gformInitSpinner( 10, 'https:\/\/neurovirtual.com\/br\/wp-content\/plugins\/gravityforms\/images\/spinner.svg', true );jQuery(document).trigger('gform_page_loaded', [10, current_page]);window['gf_submitting_10'] = false;}else if(!is_redirect){var confirmation_content = jQuery(this).contents().find('.GF_AJAX_POSTBACK').html();if(!confirmation_content){confirmation_content = contents;}jQuery('#gform_wrapper_10').replaceWith(confirmation_content);jQuery(document).trigger('gform_confirmation_loaded', [10]);window['gf_submitting_10'] = false;wp.a11y.speak(jQuery('#gform_confirmation_message_10').text());}else{jQuery('#gform_10').append(contents);if(window['gformRedirect']) {gformRedirect();}}jQuery(document).trigger(\"gform_pre_post_render\", [{ formId: \"10\", currentPage: \"current_page\", abort: function() { this.preventDefault(); } }]);                if (event && event.defaultPrevented) {                return;         }        const gformWrapperDiv = document.getElementById( \"gform_wrapper_10\" );        if ( gformWrapperDiv ) {            const visibilitySpan = document.createElement( \"span\" );            visibilitySpan.id = \"gform_visibility_test_10\";            gformWrapperDiv.insertAdjacentElement( \"afterend\", visibilitySpan );        }        const visibilityTestDiv = document.getElementById( \"gform_visibility_test_10\" );        let postRenderFired = false;                function triggerPostRender() {            if ( postRenderFired ) {                return;            }            postRenderFired = true;            jQuery( document ).trigger( 'gform_post_render', [10, current_page] );            gform.utils.trigger( { event: 'gform\/postRender', native: false, data: { formId: 10, currentPage: current_page } } );            if ( visibilityTestDiv ) {                visibilityTestDiv.parentNode.removeChild( visibilityTestDiv );            }        }        function debounce( func, wait, immediate ) {            var timeout;            return function() {                var context = this, args = arguments;                var later = function() {                    timeout = null;                    if ( !immediate ) func.apply( context, args );                };                var callNow = immediate && !timeout;                clearTimeout( timeout );                timeout = setTimeout( later, wait );                if ( callNow ) func.apply( context, args );            };        }        const debouncedTriggerPostRender = debounce( function() {            triggerPostRender();        }, 200 );        if ( visibilityTestDiv && visibilityTestDiv.offsetParent === null ) {            const observer = new MutationObserver( ( mutations ) => {                mutations.forEach( ( mutation ) => {                    if ( mutation.type === 'attributes' && visibilityTestDiv.offsetParent !== null ) {                        debouncedTriggerPostRender();                        observer.disconnect();                    }                });            });            observer.observe( document.body, {                attributes: true,                childList: false,                subtree: true,                attributeFilter: [ 'style', 'class' ],            });        } else {            triggerPostRender();        }    } );} ); \n\/* ]]> *\/\n<\/script>\n<\/h3>\n","protected":false},"excerpt":{"rendered":"<p>Solicite uma demonstra\u00e7\u00e3o on-line e descubra como as ferramentas e recursos oferecidos pela Neurovirtual podem ajudar a melhorar seu EEG ou Laborat\u00f3rio do Sono. Solicite uma demonstra\u00e7\u00e3o agora, disponibilidade flex\u00edvel 24\/7. \u00a0<\/p>\n","protected":false},"author":6,"featured_media":0,"parent":0,"menu_order":0,"comment_status":"closed","ping_status":"closed","template":"page-formularios.php","meta":{"_acf_changed":false,"_joinchat":[],"footnotes":""},"acf":[],"_links":{"self":[{"href":"https:\/\/neurovirtual.com\/br\/wp-json\/wp\/v2\/pages\/804767"}],"collection":[{"href":"https:\/\/neurovirtual.com\/br\/wp-json\/wp\/v2\/pages"}],"about":[{"href":"https:\/\/neurovirtual.com\/br\/wp-json\/wp\/v2\/types\/page"}],"author":[{"embeddable":true,"href":"https:\/\/neurovirtual.com\/br\/wp-json\/wp\/v2\/users\/6"}],"replies":[{"embeddable":true,"href":"https:\/\/neurovirtual.com\/br\/wp-json\/wp\/v2\/comments?post=804767"}],"version-history":[{"count":11,"href":"https:\/\/neurovirtual.com\/br\/wp-json\/wp\/v2\/pages\/804767\/revisions"}],"predecessor-version":[{"id":815013,"href":"https:\/\/neurovirtual.com\/br\/wp-json\/wp\/v2\/pages\/804767\/revisions\/815013"}],"wp:attachment":[{"href":"https:\/\/neurovirtual.com\/br\/wp-json\/wp\/v2\/media?parent=804767"}],"curies":[{"name":"wp","href":"https:\/\/api.w.org\/{rel}","templated":true}]}}