{"id":801166,"date":"2019-08-28T14:35:44","date_gmt":"2019-08-28T17:35:44","guid":{"rendered":"https:\/\/neurovirtual.com\/br\/segmentos\/neurologia-copy\/"},"modified":"2020-10-15T10:56:29","modified_gmt":"2020-10-15T13:56:29","slug":"acessorios-e-suprimentos","status":"publish","type":"page","link":"https:\/\/neurovirtual.com\/br\/segmentos\/acessorios-e-suprimentos\/","title":{"rendered":"Acess\u00f3rios e Suprimentos"},"content":{"rendered":"\n<p>Conhe\u00e7a nosso portf\u00f3lio de suprimentos e acess\u00f3rios para o manuseio e cuidados do seu dispositivo, para Neurologia (EEG) e Medicina do Sono (PSG).<\/p>\n\n\n\n<p>Whatsapp \u2013 vendas de Acess\u00f3rios e Suprimentos: (11) 9.9268-9169<\/p>\n\n\n\n<p><\/p>\n","protected":false},"excerpt":{"rendered":"<p>A Neurovirtual \u00e9 especializada em oferecer solu\u00e7\u00f5es completas para neurodiagn\u00f3stico.<\/p>\n","protected":false},"author":6,"featured_media":0,"parent":10,"menu_order":4,"comment_status":"open","ping_status":"closed","template":"page-segmento.php","meta":{"_acf_changed":false,"_joinchat":[],"footnotes":""},"acf":[],"_links":{"self":[{"href":"https:\/\/neurovirtual.com\/br\/wp-json\/wp\/v2\/pages\/801166"}],"collection":[{"href":"https:\/\/neurovirtual.com\/br\/wp-json\/wp\/v2\/pages"}],"about":[{"href":"https:\/\/neurovirtual.com\/br\/wp-json\/wp\/v2\/types\/page"}],"author":[{"embeddable":true,"href":"https:\/\/neurovirtual.com\/br\/wp-json\/wp\/v2\/users\/6"}],"replies":[{"embeddable":true,"href":"https:\/\/neurovirtual.com\/br\/wp-json\/wp\/v2\/comments?post=801166"}],"version-history":[{"count":13,"href":"https:\/\/neurovirtual.com\/br\/wp-json\/wp\/v2\/pages\/801166\/revisions"}],"predecessor-version":[{"id":809251,"href":"https:\/\/neurovirtual.com\/br\/wp-json\/wp\/v2\/pages\/801166\/revisions\/809251"}],"up":[{"embeddable":true,"href":"https:\/\/neurovirtual.com\/br\/wp-json\/wp\/v2\/pages\/10"}],"wp:attachment":[{"href":"https:\/\/neurovirtual.com\/br\/wp-json\/wp\/v2\/media?parent=801166"}],"curies":[{"name":"wp","href":"https:\/\/api.w.org\/{rel}","templated":true}]}}