{"id":8,"date":"2014-05-26T17:04:40","date_gmt":"2014-05-26T20:04:40","guid":{"rendered":"https:\/\/neurovirtual.com\/br\/?page_id=8"},"modified":"2024-03-06T19:01:51","modified_gmt":"2024-03-06T22:01:51","slug":"empresa","status":"publish","type":"page","link":"https:\/\/neurovirtual.com\/br\/empresa\/","title":{"rendered":"Empresa"},"content":{"rendered":"<p>Desde 1969, trabalhamos incansavelmente para oferecer os melhores produtos e experi\u00eancia aos nossos clientes. Atualmente, focamos em desenvolver solu\u00e7\u00f5es inovadoras para diagn\u00f3sticos em Neurologia e Medicina do Sono, possibilitando um melhor retorno sobre investimento aos clientes.<\/p>\n<p>Atuamos em n\u00edvel global na fabrica\u00e7\u00e3o, comercializa\u00e7\u00e3o e distribui\u00e7\u00e3o de equipamentos e suprimentos, viabilizando o acesso a novas tecnologias e conhecimentos que rapidamente incorporamos aos nossos produtos.<\/p>\n<p>Saiba mais sobre esta hist\u00f3ria.<\/p>\n","protected":false},"excerpt":{"rendered":"<p>Desde 1969, trabalhamos incansavelmente para oferecer os melhores produtos e experi\u00eancia aos nossos clientes. Atualmente, focamos em desenvolver solu\u00e7\u00f5es inovadoras para diagn\u00f3sticos em Neurologia e Medicina do Sono, possibilitando um melhor retorno sobre investimento aos clientes. Atuamos em n\u00edvel global na fabrica\u00e7\u00e3o, comercializa\u00e7\u00e3o e distribui\u00e7\u00e3o de equipamentos e suprimentos, viabilizando o acesso a novas tecnologias&#8230;<\/p>\n","protected":false},"author":6,"featured_media":815978,"parent":0,"menu_order":1,"comment_status":"open","ping_status":"open","template":"page-empresa.php","meta":{"_acf_changed":false,"_joinchat":[],"footnotes":""},"acf":[],"_links":{"self":[{"href":"https:\/\/neurovirtual.com\/br\/wp-json\/wp\/v2\/pages\/8"}],"collection":[{"href":"https:\/\/neurovirtual.com\/br\/wp-json\/wp\/v2\/pages"}],"about":[{"href":"https:\/\/neurovirtual.com\/br\/wp-json\/wp\/v2\/types\/page"}],"author":[{"embeddable":true,"href":"https:\/\/neurovirtual.com\/br\/wp-json\/wp\/v2\/users\/6"}],"replies":[{"embeddable":true,"href":"https:\/\/neurovirtual.com\/br\/wp-json\/wp\/v2\/comments?post=8"}],"version-history":[{"count":88,"href":"https:\/\/neurovirtual.com\/br\/wp-json\/wp\/v2\/pages\/8\/revisions"}],"predecessor-version":[{"id":815983,"href":"https:\/\/neurovirtual.com\/br\/wp-json\/wp\/v2\/pages\/8\/revisions\/815983"}],"wp:featuredmedia":[{"embeddable":true,"href":"https:\/\/neurovirtual.com\/br\/wp-json\/wp\/v2\/media\/815978"}],"wp:attachment":[{"href":"https:\/\/neurovirtual.com\/br\/wp-json\/wp\/v2\/media?parent=8"}],"curies":[{"name":"wp","href":"https:\/\/api.w.org\/{rel}","templated":true}]}}