{"id":35,"date":"2019-05-27T09:03:07","date_gmt":"2019-05-27T12:03:07","guid":{"rendered":"https:\/\/neurovirtual.com\/br\/?page_id=35"},"modified":"2022-10-10T17:03:53","modified_gmt":"2022-10-10T20:03:53","slug":"neurologia","status":"publish","type":"page","link":"https:\/\/neurovirtual.com\/br\/segmentos\/neurologia\/","title":{"rendered":"Neurologia"},"content":{"rendered":"","protected":false},"excerpt":{"rendered":"<p>A Neurovirtual \u00e9 especializada em oferecer solu\u00e7\u00f5es completas para neurodiagn\u00f3stico.<\/p>\n","protected":false},"author":6,"featured_media":0,"parent":10,"menu_order":2,"comment_status":"open","ping_status":"closed","template":"page-segmento.php","meta":{"_acf_changed":false,"_joinchat":[],"footnotes":""},"acf":[],"_links":{"self":[{"href":"https:\/\/neurovirtual.com\/br\/wp-json\/wp\/v2\/pages\/35"}],"collection":[{"href":"https:\/\/neurovirtual.com\/br\/wp-json\/wp\/v2\/pages"}],"about":[{"href":"https:\/\/neurovirtual.com\/br\/wp-json\/wp\/v2\/types\/page"}],"author":[{"embeddable":true,"href":"https:\/\/neurovirtual.com\/br\/wp-json\/wp\/v2\/users\/6"}],"replies":[{"embeddable":true,"href":"https:\/\/neurovirtual.com\/br\/wp-json\/wp\/v2\/comments?post=35"}],"version-history":[{"count":36,"href":"https:\/\/neurovirtual.com\/br\/wp-json\/wp\/v2\/pages\/35\/revisions"}],"predecessor-version":[{"id":815153,"href":"https:\/\/neurovirtual.com\/br\/wp-json\/wp\/v2\/pages\/35\/revisions\/815153"}],"up":[{"embeddable":true,"href":"https:\/\/neurovirtual.com\/br\/wp-json\/wp\/v2\/pages\/10"}],"wp:attachment":[{"href":"https:\/\/neurovirtual.com\/br\/wp-json\/wp\/v2\/media?parent=35"}],"curies":[{"name":"wp","href":"https:\/\/api.w.org\/{rel}","templated":true}]}}