{"id":31,"date":"2019-05-27T09:02:46","date_gmt":"2019-05-27T12:02:46","guid":{"rendered":"https:\/\/neurovirtual.com\/br\/?page_id=31"},"modified":"2025-05-30T10:48:44","modified_gmt":"2025-05-30T13:48:44","slug":"medicina-do-sono","status":"publish","type":"page","link":"https:\/\/neurovirtual.com\/br\/segmentos\/medicina-do-sono\/","title":{"rendered":"Medicina do Sono"},"content":{"rendered":"","protected":false},"excerpt":{"rendered":"<p>A Neurovirtual \u00e9 especializada em oferecer solu\u00e7\u00f5es completas para Diagn\u00f3sticos do Sono.<\/p>\n","protected":false},"author":6,"featured_media":0,"parent":10,"menu_order":1,"comment_status":"open","ping_status":"closed","template":"page-segmento.php","meta":{"_acf_changed":false,"_joinchat":[],"footnotes":""},"acf":[],"_links":{"self":[{"href":"https:\/\/neurovirtual.com\/br\/wp-json\/wp\/v2\/pages\/31"}],"collection":[{"href":"https:\/\/neurovirtual.com\/br\/wp-json\/wp\/v2\/pages"}],"about":[{"href":"https:\/\/neurovirtual.com\/br\/wp-json\/wp\/v2\/types\/page"}],"author":[{"embeddable":true,"href":"https:\/\/neurovirtual.com\/br\/wp-json\/wp\/v2\/users\/6"}],"replies":[{"embeddable":true,"href":"https:\/\/neurovirtual.com\/br\/wp-json\/wp\/v2\/comments?post=31"}],"version-history":[{"count":59,"href":"https:\/\/neurovirtual.com\/br\/wp-json\/wp\/v2\/pages\/31\/revisions"}],"predecessor-version":[{"id":816158,"href":"https:\/\/neurovirtual.com\/br\/wp-json\/wp\/v2\/pages\/31\/revisions\/816158"}],"up":[{"embeddable":true,"href":"https:\/\/neurovirtual.com\/br\/wp-json\/wp\/v2\/pages\/10"}],"wp:attachment":[{"href":"https:\/\/neurovirtual.com\/br\/wp-json\/wp\/v2\/media?parent=31"}],"curies":[{"name":"wp","href":"https:\/\/api.w.org\/{rel}","templated":true}]}}