{"id":2,"date":"2014-05-26T13:53:21","date_gmt":"2014-05-26T13:53:21","guid":{"rendered":"https:\/\/neurovirtual.com\/br\/?page_id=2"},"modified":"2025-01-09T12:42:48","modified_gmt":"2025-01-09T15:42:48","slug":"pagina-exemplo","status":"publish","type":"page","link":"https:\/\/neurovirtual.com\/br\/","title":{"rendered":"Home"},"content":{"rendered":"<p style=\"text-align: center;\">A Neurovirtual \u00e9 uma das empresas que mais se destacou nos \u00faltimos anos pelo crescimento no mercado de neurologia e medicina do sono.<\/p>\n<p style=\"text-align: center;\">Esse crescimento foi poss\u00edvel devido ao nosso compromisso em oferecer equipamentos de alta qualidade com melhor custo benef\u00edcio.<\/p>\n<p style=\"text-align: center;\">Clique no link abaixo para saber mais sobre nossa empresa.<\/p>\n<p style=\"text-align: center;\"><a class=\"button-default\" title=\"Empresa\" href=\"https:\/\/neurovirtual.com\/br\/empresa\/\">Conhe\u00e7a nossa hist\u00f3ria<\/a><\/p>\n","protected":false},"excerpt":{"rendered":"<p>Uma das empresas que mais cresce na fabrica\u00e7\u00e3o de equipamentos para diagn\u00f3stico em escala global. <\/p>\n","protected":false},"author":6,"featured_media":816137,"parent":0,"menu_order":0,"comment_status":"open","ping_status":"open","template":"","meta":{"_acf_changed":false,"_joinchat":[],"footnotes":""},"acf":[],"_links":{"self":[{"href":"https:\/\/neurovirtual.com\/br\/wp-json\/wp\/v2\/pages\/2"}],"collection":[{"href":"https:\/\/neurovirtual.com\/br\/wp-json\/wp\/v2\/pages"}],"about":[{"href":"https:\/\/neurovirtual.com\/br\/wp-json\/wp\/v2\/types\/page"}],"author":[{"embeddable":true,"href":"https:\/\/neurovirtual.com\/br\/wp-json\/wp\/v2\/users\/6"}],"replies":[{"embeddable":true,"href":"https:\/\/neurovirtual.com\/br\/wp-json\/wp\/v2\/comments?post=2"}],"version-history":[{"count":36,"href":"https:\/\/neurovirtual.com\/br\/wp-json\/wp\/v2\/pages\/2\/revisions"}],"predecessor-version":[{"id":810349,"href":"https:\/\/neurovirtual.com\/br\/wp-json\/wp\/v2\/pages\/2\/revisions\/810349"}],"wp:featuredmedia":[{"embeddable":true,"href":"https:\/\/neurovirtual.com\/br\/wp-json\/wp\/v2\/media\/816137"}],"wp:attachment":[{"href":"https:\/\/neurovirtual.com\/br\/wp-json\/wp\/v2\/media?parent=2"}],"curies":[{"name":"wp","href":"https:\/\/api.w.org\/{rel}","templated":true}]}}