{"id":12,"date":"2014-05-26T17:05:00","date_gmt":"2014-05-26T20:05:00","guid":{"rendered":"https:\/\/neurovirtual.com\/br\/?page_id=12"},"modified":"2023-05-08T10:16:26","modified_gmt":"2023-05-08T13:16:26","slug":"suporte-tecnico","status":"publish","type":"page","link":"https:\/\/neurovirtual.com\/br\/suporte-tecnico\/","title":{"rendered":"Suporte T\u00e9cnico"},"content":{"rendered":"<h4>Sabemos que na \u00e1rea de diagn\u00f3stico, o p\u00f3s vendas \u00e9 essencial, por isso a Neurovirtual oferece um servi\u00e7o exclusivo de Suporte ao Cliente, com t\u00e9cnicos especializados para lhe atender.<\/h4>\n<h4><strong><span style=\"font-size: 14pt;\">Hor\u00e1rios de Funcionamento: 24 horas por dia, 7 dias por semana!&nbsp;<\/span><\/strong><\/h4>\n<h4 style=\"text-align: left;\">Contato com o suporte t\u00e9cnico local da Neurovirtual:<\/h4>\n<table class=\" aligncenter\" style=\"height: 441px;\" width=\"295\">\n<tbody>\n<tr>\n<td width=\"113\">Argentina<\/td>\n<td width=\"150\">0800-333-0410<\/td>\n<\/tr>\n<tr>\n<td width=\"113\">Brasil<\/td>\n<td width=\"150\">+55 (11) 4040-4511<\/td>\n<\/tr>\n<tr>\n<td width=\"113\">Chile<\/td>\n<td width=\"150\">+56 44890-5225<\/td>\n<\/tr>\n<tr>\n<td width=\"113\">China<\/td>\n<td width=\"150\">400-120-9240<\/td>\n<\/tr>\n<tr>\n<td width=\"113\">Colombia<\/td>\n<td width=\"150\">+57 (1) 6009801<\/td>\n<\/tr>\n<tr>\n<td width=\"113\">Equador<\/td>\n<td width=\"150\">1-800-000-612<\/td>\n<\/tr>\n<tr>\n<td width=\"113\">Mexico<\/td>\n<td width=\"150\">+52 (55) 85259474<\/td>\n<\/tr>\n<tr>\n<td width=\"113\">Peru<\/td>\n<td width=\"150\">+51-17070509<\/td>\n<\/tr>\n<tr>\n<td width=\"113\">Portugal<\/td>\n<td width=\"150\">800-180-406<\/td>\n<\/tr>\n<tr>\n<td width=\"113\">Republica Dominicana<\/td>\n<td width=\"150\">+1 829-946-8334<\/td>\n<\/tr>\n<tr>\n<td width=\"113\">Spain<\/td>\n<td width=\"150\">900-839-202<\/td>\n<\/tr>\n<tr>\n<td width=\"113\">Taiwan<\/td>\n<td width=\"150\">00801-14-7230<\/td>\n<\/tr>\n<tr>\n<td width=\"113\">Thailand<\/td>\n<td width=\"150\">+66-60-0035344<\/td>\n<\/tr>\n<tr>\n<td width=\"113\">USA\/Canada<\/td>\n<td width=\"150\">+1 (877) NEURO-40<\/td>\n<\/tr>\n<tr>\n<td width=\"113\">Other Countries<\/td>\n<td width=\"150\">+1 (786) 693-8200<\/td>\n<\/tr>\n<\/tbody>\n<\/table>\n","protected":false},"excerpt":{"rendered":"<p>Suporte T\u00e9cnico ao Cliente Neurovirtual<\/p>\n","protected":false},"author":6,"featured_media":0,"parent":0,"menu_order":3,"comment_status":"open","ping_status":"closed","template":"","meta":{"_acf_changed":false,"_joinchat":[],"footnotes":""},"acf":[],"_links":{"self":[{"href":"https:\/\/neurovirtual.com\/br\/wp-json\/wp\/v2\/pages\/12"}],"collection":[{"href":"https:\/\/neurovirtual.com\/br\/wp-json\/wp\/v2\/pages"}],"about":[{"href":"https:\/\/neurovirtual.com\/br\/wp-json\/wp\/v2\/types\/page"}],"author":[{"embeddable":true,"href":"https:\/\/neurovirtual.com\/br\/wp-json\/wp\/v2\/users\/6"}],"replies":[{"embeddable":true,"href":"https:\/\/neurovirtual.com\/br\/wp-json\/wp\/v2\/comments?post=12"}],"version-history":[{"count":148,"href":"https:\/\/neurovirtual.com\/br\/wp-json\/wp\/v2\/pages\/12\/revisions"}],"predecessor-version":[{"id":815511,"href":"https:\/\/neurovirtual.com\/br\/wp-json\/wp\/v2\/pages\/12\/revisions\/815511"}],"wp:attachment":[{"href":"https:\/\/neurovirtual.com\/br\/wp-json\/wp\/v2\/media?parent=12"}],"curies":[{"name":"wp","href":"https:\/\/api.w.org\/{rel}","templated":true}]}}